{"id":239764,"date":"2024-08-19T10:55:19","date_gmt":"2024-08-19T08:55:19","guid":{"rendered":"https:\/\/esensai.pl\/?page_id=239764"},"modified":"2025-01-15T09:33:02","modified_gmt":"2025-01-15T08:33:02","slug":"wynajem","status":"publish","type":"page","link":"https:\/\/esensai.pl\/index.php\/wynajem\/","title":{"rendered":"Wynajem Sali"},"content":{"rendered":"<p>[et_pb_section fb_built=&#8221;1&#8243; next_background_color=&#8221;#ffffff&#8221; disabled_on=&#8221;off|off|off&#8221; _builder_version=&#8221;3.17.6&#8243; background_color=&#8221;rgba(0,0,0,0.26)&#8221; background_image=&#8221;https:\/\/esensai.pl\/wp-content\/uploads\/2019\/11\/1-001.jpg&#8221; parallax=&#8221;on&#8221; bottom_divider_style=&#8221;wave2&#8243; bottom_divider_height=&#8221;63px&#8221; custom_css_main_element=&#8221;height: 70vh&#8221; global_module=&#8221;238874&#8243; saved_tabs=&#8221;all&#8221;][et_pb_row _builder_version=&#8221;3.25&#8243; custom_padding=&#8221;14px|0px|0|0px|false|false&#8221;][et_pb_column type=&#8221;4_4&#8243; _builder_version=&#8221;3.25&#8243; custom_padding=&#8221;|||&#8221; custom_padding__hover=&#8221;|||&#8221;][et_pb_text _builder_version=&#8221;3.27.4&#8243; text_font=&#8221;Montserrat|700|||||||&#8221; text_text_color=&#8221;#FFFFFF&#8221; text_font_size=&#8221;70px&#8221; custom_margin=&#8221;14%||&#8221; text_text_shadow_style=&#8221;preset2&#8243;]<\/p>\n<p style=\"text-align: center;\">Pole Dance <\/p>\n<p>[\/et_pb_text][et_pb_blurb url=&#8221;#onas&#8221; use_icon=&#8221;on&#8221; font_icon=&#8221;%%18%%&#8221; icon_color=&#8221;#ffffff&#8221; use_icon_font_size=&#8221;on&#8221; icon_font_size=&#8221;85px&#8221; _builder_version=&#8221;3.17.6&#8243; link_option_url=&#8221;#experience&#8221;][\/et_pb_blurb][\/et_pb_column][\/et_pb_row][\/et_pb_section][et_pb_section fb_built=&#8221;1&#8243; module_id=&#8221;onas&#8221; module_class=&#8221;onas&#8221; _builder_version=&#8221;3.22&#8243; custom_padding=&#8221;0|0px|18px|0px|false|false&#8221;][et_pb_row module_class=&#8221; et_pb_row_fullwidth&#8221; _builder_version=&#8221;3.25&#8243; width=&#8221;89%&#8221; width_tablet=&#8221;80%&#8221; width_phone=&#8221;&#8221; width_last_edited=&#8221;on|desktop&#8221; max_width=&#8221;89%&#8221; max_width_tablet=&#8221;80%&#8221; max_width_phone=&#8221;&#8221; max_width_last_edited=&#8221;on|desktop&#8221; custom_padding=&#8221;8px|0px|0|0px|false|false&#8221; make_fullwidth=&#8221;on&#8221;][et_pb_column type=&#8221;4_4&#8243; _builder_version=&#8221;3.25&#8243; custom_padding=&#8221;|||&#8221; custom_padding__hover=&#8221;|||&#8221;][et_pb_text _builder_version=&#8221;3.27.4&#8243; header_font=&#8221;Montserrat||||||||&#8221; header_2_font=&#8221;Montserrat|200|||||||&#8221; header_2_text_color=&#8221;#c80970&#8243; header_2_font_size=&#8221;43px&#8221; header_2_letter_spacing=&#8221;2px&#8221; custom_margin=&#8221;||0px&#8221;]<\/p>\n<h2 style=\"text-align: center;\">Wynajem Sal<\/h2>\n<p>[\/et_pb_text][et_pb_divider color=&#8221;#c80970&#8243; divider_weight=&#8221;2px&#8221; _builder_version=&#8221;3.17.6&#8243;][\/et_pb_divider][\/et_pb_column][\/et_pb_row][et_pb_row module_class=&#8221; et_pb_row_fullwidth&#8221; _builder_version=&#8221;3.25&#8243; width=&#8221;89%&#8221; width_tablet=&#8221;80%&#8221; width_phone=&#8221;&#8221; width_last_edited=&#8221;on|desktop&#8221; max_width=&#8221;89%&#8221; max_width_tablet=&#8221;80%&#8221; max_width_phone=&#8221;&#8221; max_width_last_edited=&#8221;on|desktop&#8221; custom_padding=&#8221;0|0px|0|0px|false|false&#8221; make_fullwidth=&#8221;on&#8221;][et_pb_column type=&#8221;4_4&#8243; _builder_version=&#8221;3.25&#8243; custom_padding=&#8221;|||&#8221; custom_padding__hover=&#8221;|||&#8221;][et_pb_text _builder_version=&#8221;4.3.2&#8243; text_font=&#8221;Montserrat||||||||&#8221; text_font_size=&#8221;15px&#8221; text_line_height=&#8221;1.6em&#8221; header_font=&#8221;Montserrat||||||||&#8221; header_2_font=&#8221;Montserrat|300|||||||&#8221; header_2_text_color=&#8221;#000000&#8243; header_2_font_size=&#8221;18px&#8221; header_2_line_height=&#8221;1.9em&#8221;]<\/p>\n<p style=\"text-align: center;\"><strong>Nasze studio oferuje dwie ma\u0142e sale na wynajem: na trening w\u0142asny, lekcje prywatne, sesje zdj\u0119ciowe itp.<\/strong><\/p>\n<p>[\/et_pb_text][\/et_pb_column][\/et_pb_row][et_pb_row module_class=&#8221; et_pb_row_fullwidth&#8221; _builder_version=&#8221;3.25&#8243; width=&#8221;89%&#8221; width_tablet=&#8221;80%&#8221; width_phone=&#8221;&#8221; width_last_edited=&#8221;on|desktop&#8221; max_width=&#8221;89%&#8221; max_width_tablet=&#8221;80%&#8221; max_width_phone=&#8221;&#8221; max_width_last_edited=&#8221;on|desktop&#8221; custom_padding=&#8221;0|0px|94px|0px|false|false&#8221; make_fullwidth=&#8221;on&#8221;][et_pb_column type=&#8221;4_4&#8243; _builder_version=&#8221;3.25&#8243; custom_padding=&#8221;|||&#8221; custom_padding__hover=&#8221;|||&#8221;][et_pb_text _builder_version=&#8221;3.27.4&#8243; text_font=&#8221;Montserrat||||||||&#8221; text_font_size=&#8221;15px&#8221; text_line_height=&#8221;1.6em&#8221; header_font=&#8221;Montserrat||||||||&#8221; header_2_font=&#8221;Montserrat|300|||||||&#8221; header_2_text_color=&#8221;#000000&#8243; header_2_font_size=&#8221;18px&#8221; header_2_line_height=&#8221;1.9em&#8221; custom_padding=&#8221;||0px|||&#8221; hover_enabled=&#8221;0&#8243;]<\/p>\n<p>&nbsp;<\/p>\n<p style=\"text-align: center;\"><b>\u00a0Sala Cekinowa \u00a0&#8211; 2 rurki<\/b><\/p>\n<p style=\"text-align: center;\"><b>\u00a0Sala Bia\u0142a &#8211; 3 rurki\u00a0<\/b><\/p>\n<p style=\"text-align: center;\"><b><\/b><\/p>\n<p style=\"text-align: center;\"><b><\/b><\/p>\n<p>\u00a0<span style=\"font-size: 15px; text-decoration: underline;\">Sala Cekinowa to<\/span><span style=\"font-size: 15px;\"> dwie rurki statyczno-obrotowe o \u015brednicy 45mm oddalone od siebie w odleg\u0142o\u015bci 3m (czyli odleg\u0142o\u015b\u0107 pod zawody)<\/span><span style=\"font-size: 15px;\">\u00a0<\/span><\/p>\n<p><span style=\"font-size: 15px;\">Sala posiada mo\u017cliwo\u015b\u0107 szybkiego demonta\u017cu ka\u017cdej z rur co daje mo\u017cliwo\u015b\u0107 ustawienia na przyk\u0142ad jednej rurki tak, aby przed uzyska\u0107 bardzo du\u017c\u0105 odleg\u0142o\u015b\u0107 do robienia zdj\u0119\u0107 czy filmik\u00f3w, lub demonta\u017c obu tak mie\u0107 pust\u0105 sal\u0119 do akrobacji\/ta\u0144ca bez rur.<\/span><\/p>\n<p><span style=\"font-size: 15px;\">Sala posiada r\u00f3\u017cne opcje o\u015bwietlenia co daje niesamowity i r\u00f3\u017cny efekt zdj\u0119\u0107\/filmik\u00f3w.<\/span><\/p>\n<p>&nbsp;<\/p>\n<p><span style=\"text-decoration: underline;\">Sala Bia\u0142a to<\/span> trzy rurki statyczno-obrotowe o \u015brednicy 2x 42mm 1x45mm. Sala posiada zamontowany hak, kt\u00f3ry daje mo\u017cliwo\u015b\u0107 podwieszenia aerial hoop lub aerial yoga (oba przedmioty dost\u0119pne u nas)<\/p>\n<p>Dwie rurki posiadaj\u0105 dalek\u0105 odleg\u0142o\u015b\u0107 przed &#8211; idealn\u0105 do robienia zdj\u0119\u0107 i filmik\u00f3w.<\/p>\n<p>&nbsp;<\/p>\n<p>KA\u017bDA Z SAL posiada dost\u0119p do materacy, kostek, mat czy gum do yogi. Klimatyzacj\u0119 oraz pe\u0142n\u0105 wentylacj\u0119.<\/p>\n<p>&nbsp;<\/p>\n<p>\u00a0<strong style=\"font-size: 15px;\">REZERWACJE I GRAFIK SAL<\/strong><\/p>\n<p>Rezerwacj\u0119 sal dokonujemy samemu przez system fitssey lub w recepcji. B\u0119d\u0105c w studio w dniu wynajmu nale\u017cy podej\u015b\u0107 do recepcji w celu odebrania klucza do sali. Je\u015bli interesuje Ci\u0119 konkretna opcja o konkretnej dacie (wynajem min. 2h) prosimy o kontakt mailowy poledance@esensai.pl<span style=\"font-size: 15px;\">\u00a0<\/span><\/p>\n<p><span style=\"font-size: 15px;\"><\/span><a href=\"https:\/\/app.fitssey.com\/Esensai\/frontoffice\" style=\"font-size: 15px;\">https:\/\/app.fitssey.com\/Esensai\/frontoffice<\/a><span style=\"font-size: 15px;\">\u00a0<\/span><\/p>\n<p>&nbsp;<\/p>\n<p><strong style=\"font-size: 15px;\">CENNIK:<\/strong><\/p>\n<p><span style=\"font-size: 15px;\">Wynajem 1 h &#8211; 60z\u0142 (1-2 osoby)<\/span><\/p>\n<p><span style=\"font-size: 15px;\">Wynajem 1h &#8211; 80z\u0142 (3 osoby)<\/span><\/p>\n<p><span style=\"font-size: 15px;\">Wynajem 1h &#8211; 100z\u0142 (4 osoby)<\/span><\/p>\n<p>Ka\u017cda osoba b\u0119d\u0105ca na sali wliczona jest w ilo\u015b\u0107 os\u00f3b (niezale\u017cnie czy \u0107wiczy czy nie np. jest fotografem)<\/p>\n<p>Interesuje Ci\u0119 wynajem na wi\u0119cej os\u00f3b? Skontaktuj si\u0119 z nami mailowo w celu ustalenia stawki poledance@esensai.pl<\/p>\n<p>&nbsp;<\/p>\n<p>&nbsp;<\/p>\n<p><span style=\"text-decoration: underline; font-size: large;\"><strong>Regulamin :\u00a0Sali 4 na wynajem w Esensai<\/strong><\/span><\/p>\n<ol class=\"ol1\">\n<li class=\"li2\"><span class=\"s1\"><span>Godziny wynajmu sal s\u0105 dost\u0119pne w aplikacji fitssey<\/span><\/span><\/li>\n<li class=\"li2\"><span class=\"s1\">Aktualne ceny za korzystanie z sali 4 dost\u0119pne w aplikacji fitssey.<\/span><\/li>\n<li class=\"li2\"><span class=\"s1\">Z wynajmu sali mog\u0105 korzysta\u0107 jedynie osoby powy\u017cej 18 roku \u017cycia.<\/span><\/li>\n<li class=\"li2\"><span class=\"s1\">Uczestnik zobowi\u0105zany jest do zapoznania si\u0119 z instrukcji obs\u0142ugi dost\u0119pn\u0105 przy wej\u015bciu do sali oraz na recepcji szko\u0142y Esensai.<\/span><\/li>\n<li class=\"li2\"><span class=\"s1\">Uczestnik korzystaj\u0105cy z Sali deklaruje, \u017ce jest najemc\u0105 sali i deklaruje ,\u017ce nie anga\u017cuje w jej wykorzystanie (przeznaczenie wynajmu) Esensai, co wi\u0105\u017ce si\u0119 z deklaracj\u0105, i\u017c nie b\u0119dzie ro\u015bci\u0142 sobie prawa do odszkodowania i zado\u015b\u0107uczynienia w przypadku jakiegokolwiek negatywnego zdarzenia na sali, uszczerbku na zdrowiu lub kontuzji.<br \/>Uczestnik podczas najmu zwalnia z odpowiedzialno\u015bci Esensai Studio, niemniej jednak studio dochowa wszelkiej staranno\u015bci, aby zabezpieczy\u0107 teren treningowy, aby by\u0142 gotowy do wynajmu.<\/span><\/li>\n<li class=\"li2\"><span class=\"s1\">Uczestnik zobowi\u0105zany jest do korzystania z pomieszcze\u0144, urz\u0105dze\u0144 i sprz\u0119tu udost\u0119pnionego w Esensai w spos\u00f3b zgodny z ich przeznaczeniem.\u00a0<\/span><span style=\"font-size: 15px;\">Sale Esensai\u00a0 jest sal\u0105 przeznaczon\u0105 wy\u0142\u0105cznie do treningu pole dance, ta\u0144ca, fitness.\u00a0<\/span><span style=\"font-size: 15px;\">Na sali mo\u017cna wykonywa\u0107 w\u0142asny trening pole dance \/ taneczny oraz prowadzi\u0107 lekcje indywidualne.<\/span><\/li>\n<li class=\"li2\"><span class=\"s1\">Uczestnik musi podej\u015b\u0107 do recepcji w celu odebrania kluczy do sali, oraz musi je zwr\u00f3ci\u0107 maksymalnie do 5min od zako\u0144czonej godziny wynajmu.<\/span><\/li>\n<li class=\"li2\"><span class=\"s1\">Uczestnik rezerwuj\u0105cy sal\u0119 jest r\u00f3wnocze\u015bnie osob\u0105 odpowiedzialn\u0105 za wynajem i powsta\u0142e szkody za kt\u00f3re musi zap\u0142aci\u0107 je\u015bli takowe powstan\u0105.<\/span><\/li>\n<li class=\"li2\"><span class=\"s1\">Esensai Studio informuje, \u017ce teren sali jest monitorowany ze wzgle\u0328d\u00f3w bezpieczen\u0301stwa. Przebywanie na terenie plac\u00f3wki jest skrupulatnie rejestrowane (audio i video) ze wzgle\u0328d\u00f3w bezpieczen\u0301stwa za pomoc\u0105 r\u00f3\u017cnych \u015brodk\u00f3w (smartphone, tablet, kamera, rejestracja audio, telefon itp.). Ma to pos\u0142u\u017cy\u0107 w przypadku jakichkolwiek spor\u00f3w prawnych jako materia\u0142 dowodowy. Je\u015bli nie wyra\u017casz zgody na nagrywanie, prosimy o opuszczenie plac\u00f3wki.<\/span><\/li>\n<li class=\"li2\"><span class=\"s1\">Na terenie Esensai obowi\u0105zuje\u00a0<\/span><span class=\"s2\">bezwzgl\u0119dny zakaz:<\/span><span class=\"s1\"><br \/>a) Korzystania z rur przez osoby kt\u00f3re nigdy wcze\u015bniej nie by\u0142y na zaj\u0119ciach pole dance.<br \/>b)Chodzenia po materacu w butach na obcasie typu Pleaser.<br \/>c)Ingerencji w urz\u0105dzenia techniczne t.j. rura pole dance, monitoring, itp.<br \/>d)\u0106wiczenia w bi\u017cuterii t.j. pier\u015bcionki, bransoletki, zegarki , wisz\u0105ce kolczki,itp. (patrz punkt 11 kara za porysowanie rur)<br \/>e) Organizowania imprez.<br \/>f) Wnoszenia, spo\u017cywania, u\u017cywania i pozostawania pod wp\u0142ywem napoj\u00f3w alkoholowych, narkotyk\u00f3w oraz innych \u015brodk\u00f3w odurzaj\u0105cych.<br \/>g)Palenia tytoniu oraz korzystania z elektronicznych papieros\u00f3w.<br \/>h)Krzyczenia i u\u017cywania s\u0142\u00f3w powszechnie uwa\u017canych za wulgarne i obra\u017aliwe.<br \/>i)Handlu i akwizycji oraz naklejania i pozostawiania reklam, oraz ulotek.<br \/>j)Wprowadzania zwierz\u0105t.<br \/>k)Wnoszenia niebezpiecznych narz\u0119dzi, broni, materia\u0142\u00f3w pirotechnicznych, \u0142atwopalnych oraz wybuchowych<\/span><\/li>\n<li class=\"li2\"><span class=\"s1\">Uczestnik przebywaj\u0105cy na terenie sali \u00a0<\/span><span class=\"s2\">zobowi\u0105zany jest<\/span><span class=\"s1\">\u00a0do:<br \/>a) Wykonywania rozgrzewki przed wej\u015bciem na rur\u0119 pole dance.<br \/>b)\u00a0<\/span><span class=\"s3\">\u0106wiczenia bez bizuterii\u00a0<\/span><span class=\"s1\">(porysowanie rury kara 200z\u0142).<br \/>c) U\u017cywania materaca.<br \/>d) Pozostawienia po sobie sali w niezmienionym stanie:. tzn.<br \/>\u2013 wyczyszczenia po sobie rurki pole dance<br \/>\u2013 wyczyszczenia materaca<br \/>\u2013<\/span><span class=\"s3\">wyczyszczenia pod\u0142ogi je\u015bli powsta\u0142y na niej rysy po butach typu pleaser<\/span><span class=\"s1\"><br \/>-od\u0142o\u017cenia na miejsce sprz\u0119tu z kt\u00f3rego korzysta\u0142 t.j. mata, flying pole, kostki, dodatkowe o\u015bwietlenie, itp.<br \/>e)Wy\u0142\u0105czenia ca\u0142ego o\u015bwietlenia oraz klimatyzacji je\u015bli u\u017cywa\u0142 w sali po wynajmie ( \u015awiat\u0142a nad \u015bciank\u0105 cekinow\u0105, o\u015bwietlenia ledowego, o\u015bwielenia g\u0142\u00f3wnego sali, dodatkowych lamp). Brak wy\u0142\u0105czenia czegokolwiek b\u0119dzie skutkowa\u0107 naliczeniem op\u0142aty 50z\u0142<br \/>f)Przestrzegania powszechnie przyj\u0119tych zasad wsp\u00f3\u0142\u017cycia spo\u0142ecznego, zasad dobrego zachowania.<br \/>g)Zapoznania si\u0119 z instrukcjami u\u017cytkowania sprz\u0119tu przed przyst\u0105pieniem do jego u\u017cywania.<br \/>h)Oddania klucza recepcjonistce maks. do 3 min od zako\u0144czonego wynajmu. Oddajemy klucze, a nast\u0119pnie wracamy do szatni aby si\u0119 przebra\u0107.<\/span><\/li>\n<li class=\"li2\"><span class=\"s1\">Uczestnik mo\u017ce odwo\u0142a\u0107 swoj\u0105 rezerwacj\u0119 do 12h przed rozpocz\u0119ciem rezerwacji tzw. ,,wczesne anulowanie\u201d i przerezerwowa\u0107 na inny termin. W przypadku gdy uczestnik odwo\u0142a rezerwacj\u0119 po 12h przed rozpocz\u0119ciem zaj\u0119\u0107, rezerwacja zostaje uznana za zrealizowan\u0105. Rezerwacj\u0119 mo\u017cna odwo\u0142a\u0107 wy\u0142\u0105cznie za pomoc\u0105 aplikacji fitssey.<\/span><\/li>\n<li class=\"li2\"><span class=\"s1\">Uczestnik mo\u017ce zarezerwowa\u0107 sal\u0119 z 8tyg. wyprzedzeniem.<\/span><\/li>\n<li class=\"li2\"><span class=\"s1\">Za\u00a0<\/span><span class=\"s2\">ka\u017cdorazowe nieumycie po sobie: rurki, materaca, pod\u0142ogi oraz niewy\u0142\u0105czenie o\u015bwietlenia\/klimatyzacji w studio<\/span><span class=\"s1\">,\u00a0naliczamy op\u0142at\u0119<\/span><span class=\"s2\">50z\u0142<\/span><span class=\"s1\">.<\/span><\/li>\n<li class=\"li2\"><span class=\"s1\">Za\u00a0<\/span><span class=\"s2\">nieoddanie kluczy w wyznaczonym czasie naliczona zostanie dodatkowa op\u0142ata 50z\u0142. Je\u015bli korzystacie z dodatkowych rzeczy jak np. Flying pole nale\u017cy je odwiesi\u0107 na swoje miejsce w czasie wynajmu sali.<\/span><\/li>\n<li class=\"li2\"><span class=\"s1\">Za\u00a0<\/span><span class=\"s2\">porysowanie rurki<\/span><span class=\"s1\">\u00a0naliczamy op\u0142at\u0119<\/span><span class=\"s2\">\u00a0200z\u0142.<\/span><\/li>\n<li class=\"li2\"><span class=\"s1\">Za\u00a0<\/span><span class=\"s2\">zbicie lustra<\/span><span class=\"s1\">\u00a0op\u0142ata zostaje naliczana po oszacowaniu zniszczenia\u00a0<\/span><span class=\"s2\">500- 3000z\u0142.<\/span><\/li>\n<li class=\"li2\"><span class=\"s1\">Za korzystanie z sali\u00a0<\/span><span class=\"s2\">niezgodnie z jej przeznaczeniem<\/span><span class=\"s1\">\u00a0naliczamy op\u0142at\u0119<\/span><span class=\"s2\">\u00a01000z\u0142<\/span><\/li>\n<\/ol>\n<p>&nbsp;<\/p>\n<p><span>GALERIA<\/span><\/p>\n<p><span class=\"s2\"><\/span><\/p>\n<p>[\/et_pb_text][et_pb_gallery gallery_ids=&#8221;239847,239848,239850&#8243; _builder_version=&#8221;4.3.2&#8243; hover_enabled=&#8221;0&#8243;][\/et_pb_gallery][et_pb_gallery gallery_ids=&#8221;239698,239683,239679,239680,239682,239681&#8243; _builder_version=&#8221;4.3.2&#8243; hover_enabled=&#8221;0&#8243;][\/et_pb_gallery][\/et_pb_column][\/et_pb_row][\/et_pb_section][et_pb_section fb_built=&#8221;1&#8243; prev_background_color=&#8221;#ffffff&#8221; _builder_version=&#8221;3.17.6&#8243; background_color=&#8221;#000000&#8243; min_height=&#8221;10px&#8221; custom_margin=&#8221;1px|||||&#8221; custom_padding=&#8221;6px|0px|0|0px|false|false&#8221; top_divider_style=&#8221;wave2&#8243; top_divider_height=&#8221;61px&#8221; global_module=&#8221;238661&#8243; saved_tabs=&#8221;all&#8221;][et_pb_row _builder_version=&#8221;3.25&#8243; custom_padding=&#8221;139px|0px|27px|0px|false|false&#8221;][et_pb_column type=&#8221;4_4&#8243; _builder_version=&#8221;3.25&#8243; custom_padding=&#8221;|||&#8221; custom_padding__hover=&#8221;|||&#8221;][et_pb_text _builder_version=&#8221;4.3.2&#8243;]<\/p>\n<p>OPCJA 3\u00a0<\/p>\n<p>[\/et_pb_text][et_pb_image src=&#8221;https:\/\/esensai.pl\/wp-content\/uploads\/2019\/07\/esensai_logo.png&#8221; align=&#8221;center&#8221; align_tablet=&#8221;center&#8221; align_phone=&#8221;&#8221; align_last_edited=&#8221;on|desktop&#8221; disabled_on=&#8221;on|on|off&#8221; _builder_version=&#8221;3.23&#8243; max_width=&#8221;20%&#8221; module_alignment=&#8221;center&#8221;][\/et_pb_image][et_pb_text admin_label=&#8221;Tekst&#8221; _builder_version=&#8221;4.3.2&#8243; header_font=&#8221;Montserrat||||||||&#8221; header_2_font=&#8221;Montserrat|||on|||||&#8221; header_2_text_color=&#8221;#FFFFFF&#8221; header_2_font_size=&#8221;19px&#8221; header_2_letter_spacing=&#8221;1px&#8221; header_font_size_tablet=&#8221;&#8221; header_font_size_phone=&#8221;&#8221; header_font_size_last_edited=&#8221;on|desktop&#8221; header_2_font_size_tablet=&#8221;&#8221; header_2_font_size_phone=&#8221;9px&#8221; header_2_font_size_last_edited=&#8221;on|phone&#8221;][\/et_pb_text][et_pb_text _builder_version=&#8221;3.27.4&#8243; text_font=&#8221;||||||||&#8221; header_font=&#8221;Montserrat||||||||&#8221; header_2_font=&#8221;Roboto||||||||&#8221; header_2_text_color=&#8221;#FFFFFF&#8221; header_2_font_size=&#8221;19px&#8221; header_2_letter_spacing=&#8221;2px&#8221; text_font_size_tablet=&#8221;&#8221; text_font_size_phone=&#8221;8px&#8221; text_font_size_last_edited=&#8221;on|phone&#8221; header_2_font_size_tablet=&#8221;&#8221; header_2_font_size_phone=&#8221;12px&#8221; header_2_font_size_last_edited=&#8221;on|phone&#8221;]<\/p>\n<h2 style=\"text-align: center;\"><span style=\"text-decoration: underline;\"><a href=\"mailto:biuro@esensai.pl\">biuro@esensai.pl<\/a><\/span>\u00a0 |\u00a0<span style=\"text-decoration: underline;\">+790-472-068<\/span> \u00a0<\/a><\/h2>\n<p>[\/et_pb_text][et_pb_text _builder_version=&#8221;3.27.4&#8243; header_font=&#8221;Montserrat||||||||&#8221; header_2_font=&#8221;Georgia|||on|||||&#8221; header_2_text_color=&#8221;#FFFFFF&#8221; header_2_font_size=&#8221;16px&#8221; header_2_letter_spacing=&#8221;2px&#8221;]<\/p>\n<h2 style=\"text-align: center;\">Gda\u0144sk (Oliwa &#8211; obok salonu Mercedesa)<br \/>\nAl. Grunwaldzka 489<\/h2>\n<p>[\/et_pb_text][\/et_pb_column][\/et_pb_row][\/et_pb_section][et_pb_section fb_built=&#8221;1&#8243; fullwidth=&#8221;on&#8221; _builder_version=&#8221;3.17.6&#8243; global_module=&#8221;238875&#8243; saved_tabs=&#8221;all&#8221;][et_pb_fullwidth_code _builder_version=&#8221;4.0.2&#8243;]<iframe loading=\"lazy\" src=\"https:\/\/www.google.com\/maps\/embed?pb=!1m14!1m8!1m3!1d9288.6175588171!2d18.5702086!3d54.4072497!3m2!1i1024!2i768!4f13.1!3m3!1m2!1s0x0%3A0xd8c69f84be9d956d!2sESENSAI%20Pole%20Dance%20Studio!5e0!3m2!1spl!2spl!4v1579707798958!5m2!1spl!2spl\" width=\"2500\" height=\"400\" frameborder=\"0\" style=\"border:0;\" allowfullscreen=\"\"><\/iframe>[\/et_pb_fullwidth_code][\/et_pb_section]<\/p>\n","protected":false},"excerpt":{"rendered":"<p>[et_pb_section fb_built=&#8221;1&#8243; next_background_color=&#8221;#ffffff&#8221; disabled_on=&#8221;off|off|off&#8221; _builder_version=&#8221;3.17.6&#8243; background_color=&#8221;rgba(0,0,0,0.26)&#8221; background_image=&#8221;https:\/\/esensai.pl\/wp-content\/uploads\/2019\/11\/1-001.jpg&#8221; parallax=&#8221;on&#8221; bottom_divider_style=&#8221;wave2&#8243; bottom_divider_height=&#8221;63px&#8221; custom_css_main_element=&#8221;height: 70vh&#8221; global_module=&#8221;238874&#8243; saved_tabs=&#8221;all&#8221;][et_pb_row _builder_version=&#8221;3.25&#8243; custom_padding=&#8221;14px|0px|0|0px|false|false&#8221;][et_pb_column type=&#8221;4_4&#8243; _builder_version=&#8221;3.25&#8243; custom_padding=&#8221;|||&#8221; custom_padding__hover=&#8221;|||&#8221;][et_pb_text _builder_version=&#8221;3.27.4&#8243; text_font=&#8221;Montserrat|700|||||||&#8221; text_text_color=&#8221;#FFFFFF&#8221; text_font_size=&#8221;70px&#8221; custom_margin=&#8221;14%||&#8221; text_text_shadow_style=&#8221;preset2&#8243;] Pole Dance [\/et_pb_text][et_pb_blurb url=&#8221;#onas&#8221; use_icon=&#8221;on&#8221; font_icon=&#8221;%%18%%&#8221; icon_color=&#8221;#ffffff&#8221; use_icon_font_size=&#8221;on&#8221; icon_font_size=&#8221;85px&#8221; _builder_version=&#8221;3.17.6&#8243; link_option_url=&#8221;#experience&#8221;][\/et_pb_blurb][\/et_pb_column][\/et_pb_row][\/et_pb_section][et_pb_section fb_built=&#8221;1&#8243; module_id=&#8221;onas&#8221; module_class=&#8221;onas&#8221; _builder_version=&#8221;3.22&#8243; custom_padding=&#8221;0|0px|18px|0px|false|false&#8221;][et_pb_row module_class=&#8221; et_pb_row_fullwidth&#8221; _builder_version=&#8221;3.25&#8243; width=&#8221;89%&#8221; width_tablet=&#8221;80%&#8221; width_phone=&#8221;&#8221; width_last_edited=&#8221;on|desktop&#8221; max_width=&#8221;89%&#8221; max_width_tablet=&#8221;80%&#8221; max_width_phone=&#8221;&#8221; max_width_last_edited=&#8221;on|desktop&#8221; custom_padding=&#8221;8px|0px|0|0px|false|false&#8221; make_fullwidth=&#8221;on&#8221;][et_pb_column [&hellip;]<\/p>\n","protected":false},"author":1,"featured_media":239095,"parent":0,"menu_order":0,"comment_status":"closed","ping_status":"closed","template":"","meta":{"_et_pb_use_builder":"on","_et_pb_old_content":"","_et_gb_content_width":""},"_links":{"self":[{"href":"https:\/\/esensai.pl\/index.php\/wp-json\/wp\/v2\/pages\/239764"}],"collection":[{"href":"https:\/\/esensai.pl\/index.php\/wp-json\/wp\/v2\/pages"}],"about":[{"href":"https:\/\/esensai.pl\/index.php\/wp-json\/wp\/v2\/types\/page"}],"author":[{"embeddable":true,"href":"https:\/\/esensai.pl\/index.php\/wp-json\/wp\/v2\/users\/1"}],"replies":[{"embeddable":true,"href":"https:\/\/esensai.pl\/index.php\/wp-json\/wp\/v2\/comments?post=239764"}],"version-history":[{"count":30,"href":"https:\/\/esensai.pl\/index.php\/wp-json\/wp\/v2\/pages\/239764\/revisions"}],"predecessor-version":[{"id":239891,"href":"https:\/\/esensai.pl\/index.php\/wp-json\/wp\/v2\/pages\/239764\/revisions\/239891"}],"wp:featuredmedia":[{"embeddable":true,"href":"https:\/\/esensai.pl\/index.php\/wp-json\/wp\/v2\/media\/239095"}],"wp:attachment":[{"href":"https:\/\/esensai.pl\/index.php\/wp-json\/wp\/v2\/media?parent=239764"}],"curies":[{"name":"wp","href":"https:\/\/api.w.org\/{rel}","templated":true}]}}