{"id":239102,"date":"2020-01-10T15:10:17","date_gmt":"2020-01-10T14:10:17","guid":{"rendered":"http:\/\/esensai.pl\/index.php\/instruktorzy\/"},"modified":"2025-08-16T21:48:24","modified_gmt":"2025-08-16T19:48:24","slug":"instruktorzy","status":"publish","type":"page","link":"https:\/\/esensai.pl\/index.php\/instruktorzy\/","title":{"rendered":"INSTRUKTORZY"},"content":{"rendered":"<p>[et_pb_section fb_built=&#8221;1&#8243; next_background_color=&#8221;#ffffff&#8221; disabled_on=&#8221;off|off|off&#8221; _builder_version=&#8221;3.17.6&#8243; background_color=&#8221;rgba(0,0,0,0.26)&#8221; background_image=&#8221;https:\/\/esensai.pl\/wp-content\/uploads\/2019\/11\/1-001.jpg&#8221; parallax=&#8221;on&#8221; bottom_divider_style=&#8221;wave2&#8243; bottom_divider_height=&#8221;63px&#8221; custom_css_main_element=&#8221;height: 70vh&#8221; global_module=&#8221;238874&#8243; saved_tabs=&#8221;all&#8221;][et_pb_row _builder_version=&#8221;3.25&#8243; custom_padding=&#8221;14px|0px|0|0px|false|false&#8221;][et_pb_column type=&#8221;4_4&#8243; _builder_version=&#8221;3.25&#8243; custom_padding=&#8221;|||&#8221; custom_padding__hover=&#8221;|||&#8221;][et_pb_text _builder_version=&#8221;3.27.4&#8243; text_font=&#8221;Montserrat|700|||||||&#8221; text_text_color=&#8221;#FFFFFF&#8221; text_font_size=&#8221;70px&#8221; custom_margin=&#8221;14%||&#8221; text_text_shadow_style=&#8221;preset2&#8243;]<\/p>\n<p style=\"text-align: center;\">Pole Dance <\/p>\n<p>[\/et_pb_text][et_pb_blurb url=&#8221;#onas&#8221; use_icon=&#8221;on&#8221; font_icon=&#8221;%%18%%&#8221; icon_color=&#8221;#ffffff&#8221; use_icon_font_size=&#8221;on&#8221; icon_font_size=&#8221;85px&#8221; _builder_version=&#8221;3.17.6&#8243; link_option_url=&#8221;#experience&#8221;][\/et_pb_blurb][\/et_pb_column][\/et_pb_row][\/et_pb_section][et_pb_section fb_built=&#8221;1&#8243; module_id=&#8221;onas&#8221; module_class=&#8221;onas&#8221; _builder_version=&#8221;3.22&#8243; custom_padding=&#8221;0|0px|18px|0px|false|false&#8221;][et_pb_row module_class=&#8221; et_pb_row_fullwidth&#8221; _builder_version=&#8221;3.25&#8243; width=&#8221;89%&#8221; width_tablet=&#8221;80%&#8221; width_phone=&#8221;&#8221; width_last_edited=&#8221;on|desktop&#8221; max_width=&#8221;89%&#8221; max_width_tablet=&#8221;80%&#8221; max_width_phone=&#8221;&#8221; max_width_last_edited=&#8221;on|desktop&#8221; custom_padding=&#8221;8px|0px|0|0px|false|false&#8221; make_fullwidth=&#8221;on&#8221;][et_pb_column type=&#8221;4_4&#8243; _builder_version=&#8221;3.25&#8243; custom_padding=&#8221;|||&#8221; custom_padding__hover=&#8221;|||&#8221;][et_pb_text _builder_version=&#8221;3.27.4&#8243; header_font=&#8221;Montserrat||||||||&#8221; header_2_font=&#8221;Montserrat|200|||||||&#8221; header_2_text_color=&#8221;#c80970&#8243; header_2_font_size=&#8221;43px&#8221; header_2_letter_spacing=&#8221;2px&#8221; custom_margin=&#8221;||0px&#8221;]<\/p>\n<h2 style=\"text-align: center;\">O nas<\/h2>\n<p>[\/et_pb_text][et_pb_divider color=&#8221;#c80970&#8243; divider_weight=&#8221;2px&#8221; _builder_version=&#8221;3.17.6&#8243;][\/et_pb_divider][\/et_pb_column][\/et_pb_row][et_pb_row module_class=&#8221; et_pb_row_fullwidth&#8221; _builder_version=&#8221;3.25&#8243; width=&#8221;89%&#8221; width_tablet=&#8221;80%&#8221; width_phone=&#8221;&#8221; width_last_edited=&#8221;on|desktop&#8221; max_width=&#8221;89%&#8221; max_width_tablet=&#8221;80%&#8221; max_width_phone=&#8221;&#8221; max_width_last_edited=&#8221;on|desktop&#8221; custom_padding=&#8221;0|0px|0|0px|false|false&#8221; make_fullwidth=&#8221;on&#8221;][et_pb_column type=&#8221;4_4&#8243; _builder_version=&#8221;3.25&#8243; custom_padding=&#8221;|||&#8221; custom_padding__hover=&#8221;|||&#8221;][et_pb_text _builder_version=&#8221;3.27.4&#8243; text_font=&#8221;Montserrat||||||||&#8221; text_font_size=&#8221;15px&#8221; text_line_height=&#8221;1.6em&#8221; header_font=&#8221;Montserrat||||||||&#8221; header_2_font=&#8221;Montserrat|300|||||||&#8221; header_2_text_color=&#8221;#000000&#8243; header_2_font_size=&#8221;18px&#8221; header_2_line_height=&#8221;1.9em&#8221;]<\/p>\n<p style=\"text-align: center;\"><strong>INSTRUKTORKI Esensai Studio<\/strong><\/p>\n<p>[\/et_pb_text][\/et_pb_column][\/et_pb_row][et_pb_row module_class=&#8221; et_pb_row_fullwidth&#8221; _builder_version=&#8221;3.25&#8243; width=&#8221;89%&#8221; width_tablet=&#8221;80%&#8221; width_phone=&#8221;&#8221; width_last_edited=&#8221;on|desktop&#8221; max_width=&#8221;89%&#8221; max_width_tablet=&#8221;80%&#8221; max_width_phone=&#8221;&#8221; max_width_last_edited=&#8221;on|desktop&#8221; custom_padding=&#8221;0|0px|94px|0px|false|false&#8221; make_fullwidth=&#8221;on&#8221;][et_pb_column type=&#8221;4_4&#8243; _builder_version=&#8221;3.25&#8243; custom_padding=&#8221;|||&#8221; custom_padding__hover=&#8221;|||&#8221;][et_pb_text _builder_version=&#8221;3.27.4&#8243; text_font=&#8221;Montserrat||||||||&#8221; text_font_size=&#8221;15px&#8221; text_line_height=&#8221;1.6em&#8221; header_font=&#8221;Montserrat||||||||&#8221; header_2_font=&#8221;Montserrat|300|||||||&#8221; header_2_text_color=&#8221;#000000&#8243; header_2_font_size=&#8221;18px&#8221; header_2_line_height=&#8221;1.9em&#8221; custom_padding=&#8221;||0px|||&#8221;]<\/p>\n<p><strong>\u00a0<\/strong><span style=\"font-size: 15px;\">\u00a0<\/span><\/p>\n<p>\u00a0<strong style=\"font-size: 15px;\">Nasze\u00a0instruktorki\u00a0to najbardziej\u00a0wykwalifikowana kadra jak\u0105 mo\u017cna sobie wyobrazi\u0107 \ud83d\ude42<\/strong><span style=\"font-size: 15px;\">\u00a0<\/span><\/p>\n<p>Ka\u017cda z naszych instruktorek stale udoskonala swoje umiej\u0119tno\u015bci pod okiem Malwiny GS, a tak\u017ce na warsztatach z polskimi ale i zagranicznymi instruktorami. Z ka\u017cdej mo\u017cliwej dziedziny pole dance.<\/p>\n<p>Nasze instruktorki mog\u0105 pochwali\u0107 si\u0119 licznymi osi\u0105gni\u0119ciami na scenie Polskiej, ale tak\u017ce i na mi\u0119dzynarodowej.<span style=\"font-size: 15px;\">\u00a0<\/span><\/p>\n<p>Ale nie tylko ich osi\u0105gni\u0119cia s\u0105 tu wa\u017cne! Nasze kursantki r\u00f3wnie\u017c zdobywaj\u0105 najwy\u017csze miejsca na podium!<span style=\"font-size: 15px;\">\u00a0<\/span><\/p>\n<p>A to wszystko dzi\u0119ki najlepszej ekipie jak\u0105 mo\u017cecie spotka\u0107 w\u0142a\u015bnie w naszej szkole!<span style=\"font-size: 15px;\">\u00a0<\/span><\/p>\n<p>Je\u015bli chcesz trenowa\u0107 z najlepszymi to tylko U NAS!<\/p>\n<p><strong><\/strong><\/p>\n<p>[\/et_pb_text][\/et_pb_column][\/et_pb_row][\/et_pb_section][et_pb_section fb_built=&#8221;1&#8243; _builder_version=&#8221;4.0.2&#8243; min_height=&#8221;1388.7px&#8221; custom_margin=&#8221;||-565px|||&#8221; custom_padding=&#8221;23px|||||&#8221;][et_pb_row column_structure=&#8221;1_2,1_2&#8243; _builder_version=&#8221;4.0.2&#8243; min_height=&#8221;785.3px&#8221; custom_margin=&#8221;-121px|auto||auto||&#8221; custom_padding=&#8221;||2px|||&#8221;][et_pb_column type=&#8221;1_2&#8243; _builder_version=&#8221;4.0.2&#8243;][\/et_pb_column][et_pb_column type=&#8221;1_2&#8243; _builder_version=&#8221;4.0.2&#8243;][et_pb_text _builder_version=&#8221;4.0.2&#8243; width=&#8221;100%&#8221; min_height=&#8221;1063px&#8221; custom_margin=&#8221;59px|||-602px||&#8221; custom_padding=&#8221;5px|||||&#8221;]<\/p>\n<p>Malwina GS \u00a0<a href=\"https:\/\/www.instagram.com\/malwinags\/\">https:\/\/www.instagram.com\/malwinags\/<\/a><\/p>\n<p>Samka <a href=\"https:\/\/www.instagram.com\/takasamka\/\">https:\/\/www.instagram.com\/takasamka\/<\/a><\/p>\n<p>Natalia M \u00a0<a href=\"https:\/\/www.instagram.com\/magdalena_lew\/\">https:\/\/www.instagram.com\/pnati_\/<\/a><\/p>\n<p>Magda\u00a0<a href=\"https:\/\/www.instagram.com\/magdalena_lew\/\">https:\/\/www.instagram.com\/magdalena_lew\/<\/a><\/p>\n<p><span style=\"font-size: 14px;\">Asia\u00a0<\/span><span style=\"font-size: 14px;\"><a href=\"https:\/\/www.instagram.com\/dzoanaaa_pd\/\">https:\/\/www.instagram.com\/dzoanaaa_pd\/<\/a>\u00a0<\/span><\/p>\n<p><span style=\"font-size: 14px;\">Aga\u00a0<\/span><a href=\"https:\/\/instagram.com\/oriana.de\" style=\"font-size: 14px;\"><\/a><a href=\"https:\/\/instagram.com\/oriana.de\" style=\"font-size: 14px;\">https:\/\/instagram.com\/cat.astr0phe\/<\/a><span style=\"font-size: 14px;\">\u00a0<\/span><\/p>\n<p><span style=\"font-size: 14px;\">Maria &#8211;\u00a0<\/span><a href=\"https:\/\/instagram.com\/maria_fortinskaya\" style=\"font-size: 14px;\">https:\/\/instagram.com\/maria_fortinskaya<\/a><span style=\"font-size: 14px;\">\u00a0<\/span><\/p>\n<p>Ania &#8211;\u00a0<a href=\"https:\/\/instagram.com\/anias_passion\">https:\/\/instagram.com\/anias_passion<\/a>\u00a0<\/p>\n<p>Aga Aga<\/p>\n<p>&nbsp;<\/p>\n<p><a href=\"https:\/\/www.instagram.com\/msikorka\/\"><\/a><\/p>\n<p>&nbsp;<\/p>\n<p>&nbsp;<\/p>\n<p>&nbsp;<\/p>\n<p>&nbsp;<\/p>\n<p>[\/et_pb_text][\/et_pb_column][\/et_pb_row][\/et_pb_section][et_pb_section fb_built=&#8221;1&#8243; prev_background_color=&#8221;#ffffff&#8221; _builder_version=&#8221;3.17.6&#8243; background_color=&#8221;#000000&#8243; min_height=&#8221;10px&#8221; custom_margin=&#8221;1px|||||&#8221; custom_padding=&#8221;6px|0px|0|0px|false|false&#8221; top_divider_style=&#8221;wave2&#8243; top_divider_height=&#8221;61px&#8221; global_module=&#8221;238661&#8243; saved_tabs=&#8221;all&#8221;][et_pb_row _builder_version=&#8221;3.25&#8243; custom_padding=&#8221;139px|0px|27px|0px|false|false&#8221;][et_pb_column type=&#8221;4_4&#8243; _builder_version=&#8221;3.25&#8243; custom_padding=&#8221;|||&#8221; custom_padding__hover=&#8221;|||&#8221;][et_pb_text _builder_version=&#8221;4.3.2&#8243;]<\/p>\n<p>OPCJA 3\u00a0<\/p>\n<p>[\/et_pb_text][et_pb_image src=&#8221;https:\/\/esensai.pl\/wp-content\/uploads\/2019\/07\/esensai_logo.png&#8221; align=&#8221;center&#8221; align_tablet=&#8221;center&#8221; align_phone=&#8221;&#8221; align_last_edited=&#8221;on|desktop&#8221; disabled_on=&#8221;on|on|off&#8221; _builder_version=&#8221;3.23&#8243; max_width=&#8221;20%&#8221; module_alignment=&#8221;center&#8221;][\/et_pb_image][et_pb_text admin_label=&#8221;Tekst&#8221; _builder_version=&#8221;4.3.2&#8243; header_font=&#8221;Montserrat||||||||&#8221; header_2_font=&#8221;Montserrat|||on|||||&#8221; header_2_text_color=&#8221;#FFFFFF&#8221; header_2_font_size=&#8221;19px&#8221; header_2_letter_spacing=&#8221;1px&#8221; header_font_size_tablet=&#8221;&#8221; header_font_size_phone=&#8221;&#8221; header_font_size_last_edited=&#8221;on|desktop&#8221; header_2_font_size_tablet=&#8221;&#8221; header_2_font_size_phone=&#8221;9px&#8221; header_2_font_size_last_edited=&#8221;on|phone&#8221;][\/et_pb_text][et_pb_text _builder_version=&#8221;3.27.4&#8243; text_font=&#8221;||||||||&#8221; header_font=&#8221;Montserrat||||||||&#8221; header_2_font=&#8221;Roboto||||||||&#8221; header_2_text_color=&#8221;#FFFFFF&#8221; header_2_font_size=&#8221;19px&#8221; header_2_letter_spacing=&#8221;2px&#8221; text_font_size_tablet=&#8221;&#8221; text_font_size_phone=&#8221;8px&#8221; text_font_size_last_edited=&#8221;on|phone&#8221; header_2_font_size_tablet=&#8221;&#8221; header_2_font_size_phone=&#8221;12px&#8221; header_2_font_size_last_edited=&#8221;on|phone&#8221;]<\/p>\n<h2 style=\"text-align: center;\"><span style=\"text-decoration: underline;\"><a href=\"mailto:biuro@esensai.pl\">biuro@esensai.pl<\/a><\/span>\u00a0 |\u00a0<span style=\"text-decoration: underline;\">+790-472-068<\/span> \u00a0<\/a><\/h2>\n<p>[\/et_pb_text][et_pb_text _builder_version=&#8221;3.27.4&#8243; header_font=&#8221;Montserrat||||||||&#8221; header_2_font=&#8221;Georgia|||on|||||&#8221; header_2_text_color=&#8221;#FFFFFF&#8221; header_2_font_size=&#8221;16px&#8221; header_2_letter_spacing=&#8221;2px&#8221;]<\/p>\n<h2 style=\"text-align: center;\">Gda\u0144sk (Oliwa &#8211; obok salonu Mercedesa)<br \/>\nAl. Grunwaldzka 489<\/h2>\n<p>[\/et_pb_text][\/et_pb_column][\/et_pb_row][\/et_pb_section][et_pb_section fb_built=&#8221;1&#8243; fullwidth=&#8221;on&#8221; _builder_version=&#8221;3.17.6&#8243; global_module=&#8221;238875&#8243; saved_tabs=&#8221;all&#8221;][et_pb_fullwidth_code _builder_version=&#8221;4.0.2&#8243;]<iframe loading=\"lazy\" src=\"https:\/\/www.google.com\/maps\/embed?pb=!1m14!1m8!1m3!1d9288.6175588171!2d18.5702086!3d54.4072497!3m2!1i1024!2i768!4f13.1!3m3!1m2!1s0x0%3A0xd8c69f84be9d956d!2sESENSAI%20Pole%20Dance%20Studio!5e0!3m2!1spl!2spl!4v1579707798958!5m2!1spl!2spl\" width=\"2500\" height=\"400\" frameborder=\"0\" style=\"border:0;\" allowfullscreen=\"\"><\/iframe>[\/et_pb_fullwidth_code][\/et_pb_section]<\/p>\n","protected":false},"excerpt":{"rendered":"<p>[et_pb_section fb_built=&#8221;1&#8243; next_background_color=&#8221;#ffffff&#8221; disabled_on=&#8221;off|off|off&#8221; _builder_version=&#8221;3.17.6&#8243; background_color=&#8221;rgba(0,0,0,0.26)&#8221; background_image=&#8221;https:\/\/esensai.pl\/wp-content\/uploads\/2019\/11\/1-001.jpg&#8221; parallax=&#8221;on&#8221; bottom_divider_style=&#8221;wave2&#8243; bottom_divider_height=&#8221;63px&#8221; custom_css_main_element=&#8221;height: 70vh&#8221; global_module=&#8221;238874&#8243; saved_tabs=&#8221;all&#8221;][et_pb_row _builder_version=&#8221;3.25&#8243; custom_padding=&#8221;14px|0px|0|0px|false|false&#8221;][et_pb_column type=&#8221;4_4&#8243; _builder_version=&#8221;3.25&#8243; custom_padding=&#8221;|||&#8221; custom_padding__hover=&#8221;|||&#8221;][et_pb_text _builder_version=&#8221;3.27.4&#8243; text_font=&#8221;Montserrat|700|||||||&#8221; text_text_color=&#8221;#FFFFFF&#8221; text_font_size=&#8221;70px&#8221; custom_margin=&#8221;14%||&#8221; text_text_shadow_style=&#8221;preset2&#8243;] Pole Dance [\/et_pb_text][et_pb_blurb url=&#8221;#onas&#8221; use_icon=&#8221;on&#8221; font_icon=&#8221;%%18%%&#8221; icon_color=&#8221;#ffffff&#8221; use_icon_font_size=&#8221;on&#8221; icon_font_size=&#8221;85px&#8221; _builder_version=&#8221;3.17.6&#8243; link_option_url=&#8221;#experience&#8221;][\/et_pb_blurb][\/et_pb_column][\/et_pb_row][\/et_pb_section][et_pb_section fb_built=&#8221;1&#8243; module_id=&#8221;onas&#8221; module_class=&#8221;onas&#8221; _builder_version=&#8221;3.22&#8243; custom_padding=&#8221;0|0px|18px|0px|false|false&#8221;][et_pb_row module_class=&#8221; et_pb_row_fullwidth&#8221; _builder_version=&#8221;3.25&#8243; width=&#8221;89%&#8221; width_tablet=&#8221;80%&#8221; width_phone=&#8221;&#8221; width_last_edited=&#8221;on|desktop&#8221; max_width=&#8221;89%&#8221; max_width_tablet=&#8221;80%&#8221; max_width_phone=&#8221;&#8221; max_width_last_edited=&#8221;on|desktop&#8221; custom_padding=&#8221;8px|0px|0|0px|false|false&#8221; make_fullwidth=&#8221;on&#8221;][et_pb_column [&hellip;]<\/p>\n","protected":false},"author":1,"featured_media":239095,"parent":0,"menu_order":0,"comment_status":"closed","ping_status":"closed","template":"","meta":{"_et_pb_use_builder":"on","_et_pb_old_content":"","_et_gb_content_width":""},"_links":{"self":[{"href":"https:\/\/esensai.pl\/index.php\/wp-json\/wp\/v2\/pages\/239102"}],"collection":[{"href":"https:\/\/esensai.pl\/index.php\/wp-json\/wp\/v2\/pages"}],"about":[{"href":"https:\/\/esensai.pl\/index.php\/wp-json\/wp\/v2\/types\/page"}],"author":[{"embeddable":true,"href":"https:\/\/esensai.pl\/index.php\/wp-json\/wp\/v2\/users\/1"}],"replies":[{"embeddable":true,"href":"https:\/\/esensai.pl\/index.php\/wp-json\/wp\/v2\/comments?post=239102"}],"version-history":[{"count":29,"href":"https:\/\/esensai.pl\/index.php\/wp-json\/wp\/v2\/pages\/239102\/revisions"}],"predecessor-version":[{"id":239898,"href":"https:\/\/esensai.pl\/index.php\/wp-json\/wp\/v2\/pages\/239102\/revisions\/239898"}],"wp:featuredmedia":[{"embeddable":true,"href":"https:\/\/esensai.pl\/index.php\/wp-json\/wp\/v2\/media\/239095"}],"wp:attachment":[{"href":"https:\/\/esensai.pl\/index.php\/wp-json\/wp\/v2\/media?parent=239102"}],"curies":[{"name":"wp","href":"https:\/\/api.w.org\/{rel}","templated":true}]}}