{"id":239101,"date":"2020-01-10T15:10:17","date_gmt":"2020-01-10T14:10:17","guid":{"rendered":"http:\/\/esensai.pl\/index.php\/malwina-gs\/"},"modified":"2022-04-20T11:01:28","modified_gmt":"2022-04-20T09:01:28","slug":"malwina-gs","status":"publish","type":"page","link":"https:\/\/esensai.pl\/index.php\/malwina-gs\/","title":{"rendered":"MALWINA GS"},"content":{"rendered":"<p>[et_pb_section fb_built=&#8221;1&#8243; next_background_color=&#8221;#ffffff&#8221; disabled_on=&#8221;off|off|off&#8221; _builder_version=&#8221;3.17.6&#8243; background_color=&#8221;rgba(0,0,0,0.26)&#8221; background_image=&#8221;https:\/\/esensai.pl\/wp-content\/uploads\/2019\/11\/1-001.jpg&#8221; parallax=&#8221;on&#8221; bottom_divider_style=&#8221;wave2&#8243; bottom_divider_height=&#8221;63px&#8221; custom_css_main_element=&#8221;height: 70vh&#8221; global_module=&#8221;238874&#8243; saved_tabs=&#8221;all&#8221;][et_pb_row _builder_version=&#8221;3.25&#8243; custom_padding=&#8221;14px|0px|0|0px|false|false&#8221;][et_pb_column type=&#8221;4_4&#8243; _builder_version=&#8221;3.25&#8243; custom_padding=&#8221;|||&#8221; custom_padding__hover=&#8221;|||&#8221;][et_pb_text _builder_version=&#8221;3.27.4&#8243; text_font=&#8221;Montserrat|700|||||||&#8221; text_text_color=&#8221;#FFFFFF&#8221; text_font_size=&#8221;70px&#8221; custom_margin=&#8221;14%||&#8221; text_text_shadow_style=&#8221;preset2&#8243;]<\/p>\n<p style=\"text-align: center;\">Pole Dance <\/p>\n<p>[\/et_pb_text][et_pb_blurb url=&#8221;#onas&#8221; use_icon=&#8221;on&#8221; font_icon=&#8221;%%18%%&#8221; icon_color=&#8221;#ffffff&#8221; use_icon_font_size=&#8221;on&#8221; icon_font_size=&#8221;85px&#8221; _builder_version=&#8221;3.17.6&#8243; link_option_url=&#8221;#experience&#8221;][\/et_pb_blurb][\/et_pb_column][\/et_pb_row][\/et_pb_section][et_pb_section fb_built=&#8221;1&#8243; module_id=&#8221;onas&#8221; module_class=&#8221;onas&#8221; _builder_version=&#8221;3.22&#8243; custom_padding=&#8221;0|0px|18px|0px|false|false&#8221; ab_goal=&#8221;on&#8221;][et_pb_row module_class=&#8221; et_pb_row_fullwidth&#8221; _builder_version=&#8221;3.25&#8243; width=&#8221;89%&#8221; width_tablet=&#8221;80%&#8221; width_phone=&#8221;&#8221; width_last_edited=&#8221;on|desktop&#8221; max_width=&#8221;89%&#8221; max_width_tablet=&#8221;80%&#8221; max_width_phone=&#8221;&#8221; max_width_last_edited=&#8221;on|desktop&#8221; custom_padding=&#8221;8px|0px|0|0px|false|false&#8221; make_fullwidth=&#8221;on&#8221;][et_pb_column type=&#8221;4_4&#8243; _builder_version=&#8221;3.25&#8243; custom_padding=&#8221;|||&#8221; custom_padding__hover=&#8221;|||&#8221;][et_pb_text _builder_version=&#8221;3.27.4&#8243; header_font=&#8221;Montserrat||||||||&#8221; header_2_font=&#8221;Montserrat|200|||||||&#8221; header_2_text_color=&#8221;#c80970&#8243; header_2_font_size=&#8221;43px&#8221; header_2_letter_spacing=&#8221;2px&#8221; custom_margin=&#8221;||0px&#8221;]<\/p>\n<h2 style=\"text-align: center;\">O nas<\/h2>\n<p>[\/et_pb_text][et_pb_divider color=&#8221;#c80970&#8243; divider_weight=&#8221;2px&#8221; _builder_version=&#8221;3.17.6&#8243;][\/et_pb_divider][\/et_pb_column][\/et_pb_row][et_pb_row module_class=&#8221; et_pb_row_fullwidth&#8221; _builder_version=&#8221;3.25&#8243; width=&#8221;89%&#8221; width_tablet=&#8221;80%&#8221; width_phone=&#8221;&#8221; width_last_edited=&#8221;on|desktop&#8221; max_width=&#8221;89%&#8221; max_width_tablet=&#8221;80%&#8221; max_width_phone=&#8221;&#8221; max_width_last_edited=&#8221;on|desktop&#8221; custom_padding=&#8221;0|0px|27px|0px|false|false&#8221; make_fullwidth=&#8221;on&#8221;][et_pb_column type=&#8221;4_4&#8243; _builder_version=&#8221;3.25&#8243; custom_padding=&#8221;|||&#8221; custom_padding__hover=&#8221;|||&#8221;][et_pb_text _builder_version=&#8221;4.3.2&#8243; text_font=&#8221;Montserrat||||||||&#8221; text_font_size=&#8221;15px&#8221; text_line_height=&#8221;1.6em&#8221; header_font=&#8221;Montserrat||||||||&#8221; header_2_font=&#8221;Montserrat|300|||||||&#8221; header_2_text_color=&#8221;#000000&#8243; header_2_font_size=&#8221;18px&#8221; header_2_line_height=&#8221;1.9em&#8221; custom_margin=&#8221;-68px|||||&#8221; ab_subject=&#8221;on&#8221; ab_subject_id=&#8221;1&#8243;]<\/p>\n<p>&nbsp;<\/p>\n<p>&nbsp;<\/p>\n<p>&nbsp;<\/p>\n<p><b>Malwina GS \u2013 najbardziej utytu\u0142owana pole dancerka w Polsce!<\/b><span>\u00a0<\/span><span>\u00a0Legenda w\u015br\u00f3d polskich pole dancerek!<\/span><\/p>\n<p><a href=\"http:\/\/m.in\/\">M.in<\/a>. trzykrotna i podw\u00f3jna MISTRZYNI EUROPY POLE ART 2016, 2017,2018 (solo i w duecie) w najwy\u017cszej kategorii \u201eelite\u201d!<br \/>ponadto ma na swoim koncie mn\u00f3stwo osi\u0105gni\u0119\u0107 <a href=\"http:\/\/m.in\/\">m.in<\/a>.:\u00a0<span>\u00a0<\/span><\/p>\n<ul>\n<li>Zwyci\u0119\u017cczyni Exotic Generation Italy 2019 \u2013 kategoria hard<\/li>\n<li>Zwyci\u0119\u017cczyni Pole Dance Show Kielce w kat. exotic pro oraz w duetach<\/li>\n<li><span>Zwyci\u0119\u017cczyni mi\u0119dzynarodowych zawod\u00f3w POLE ART EXPIRIENCE 2018\u00a0<br \/>w najwy\u017cszej mo\u017cliwej kat. elite!<\/span><\/li>\n<li><span>MISTRZYNI POLSKI POLE SPORT 2014<\/span><\/li>\n<li><span>POLE DRAMA CHAMPION \u2013 GRECCE 2016<\/span><\/li>\n<li><span>i wiele, wiele innych!<\/span><span>\u00a0<\/span><span>\u00a0<\/span><\/li>\n<\/ul>\n<ul>\n<li><span>NAJBARDZIEJ UTYTU\u0141OWA POLE DANCERKA W POLSCE!<\/span><span>\u00a0<\/span><\/li>\n<\/ul>\n<p>\u00a0<span>JEDYNA w Polsce, kt\u00f3ra zdoby\u0142a mistrzoskie tytu\u0142y w ka\u017cdej odmianie pole dance w najwy\u017cszych kategoriach poziomowych!<\/span><\/p>\n<p>\u00a0<span>Ponadto Malwina uznawana jest na ca\u0142ym \u015bwiecie, gdzie jest zapraszana do prowadzenia warsztat\u00f3w oraz jako juror.<\/span><span>\u00a0<\/span><\/p>\n<p>\u00a0<span>S\u0119dziowa\u0142a <a href=\"http:\/\/m.in\/\">m.in<\/a>.:<\/span><span>\u00a0\u00a0<\/span><\/p>\n<ul>\n<li>Exotic Generation Brazil 2019 \u2013 Rio de Janeiro<\/li>\n<li>Exotic Moon Italy 2019 \u2013 Turyn<\/li>\n<li>Pole Art Experience Poland 2019, 2017 \u2013 Opole<\/li>\n<li>West Contest Pole International Ukraine 2019, 2018 \u2013 Lviv<\/li>\n<li>Pole Art Poland 2019 \u2013 Gdansk<\/li>\n<li>Pinup Championship Poland 2019, 2018 \u2013 Bydgoszcz\u00a0<\/li>\n<li>Exotic Show Poland 2016 \u2013 Kielce<\/li>\n<li>Esensai Championship Poland 2016 \u2013 Gdansk<span>\u00a0<\/span><span>\u00a0<\/span><\/li>\n<\/ul>\n<p>Odwied\u017a profil Malwiny na\u00a0<a href=\"https:\/\/www.instagram.com\/malwinags\/\">Instagramie<\/a><span>\u00a0<\/span><span>\u00a0<\/span><\/p>\n<ul><\/ul>\n<p>&nbsp;<\/p>\n<p>&nbsp;<\/p>\n<p>&nbsp;<\/p>\n<p>&nbsp;<\/p>\n<p>&nbsp;<\/p>\n<p>[\/et_pb_text][et_pb_gallery gallery_ids=&#8221;239096,239148,239014,238995,239150,239076,239073,239149,239147,238994,238996&#8243; posts_number=&#8221;8&#8243; _builder_version=&#8221;4.0.2&#8243; title_level=&#8221;h6&#8243; title_font_size=&#8221;1px&#8221;][\/et_pb_gallery][et_pb_text _builder_version=&#8221;3.27.4&#8243; text_font=&#8221;Montserrat||||||||&#8221; text_font_size=&#8221;15px&#8221; text_line_height=&#8221;1.6em&#8221; header_font=&#8221;Montserrat||||||||&#8221; header_2_font=&#8221;Montserrat|300|||||||&#8221; header_2_text_color=&#8221;#000000&#8243; header_2_font_size=&#8221;18px&#8221; header_2_line_height=&#8221;1.9em&#8221; custom_margin=&#8221;-68px|||||&#8221; ab_subject=&#8221;on&#8221; ab_subject_id=&#8221;2&#8243;]<\/p>\n<p><strong>\u00a0<\/strong><\/p>\n<p><strong><\/strong><\/p>\n<p><strong><\/strong><\/p>\n<p><strong><\/strong><\/p>\n<p><strong><\/strong><\/p>\n<p><strong>Liderka naszej szko\u0142y to trzykrotna i podw\u00f3jna MISTRZYNI EUROPY POLE ART 2016, 2017,2018 (solo i w duecie) w najwy\u017cszej kategorii &#8222;elite&#8221;!<\/strong><\/p>\n<p><strong>ponadto ma na swoim koncie mn\u00f3stwo osi\u0105gni\u0119\u0107 m.in.:<\/strong><\/p>\n<p><strong>Zwyci\u0119\u017cczyni Exotic Generation Italy 2019 w kategorii hard, Zwyci\u0119\u017cczyni Pole Dance Show Kielce w kat. exotic pro oraz w duetach<\/strong><\/p>\n<p><strong>Zwyci\u0119\u017cczyni mi\u0119dzynarodowych zawod\u00f3w POLE ART EXPIRIENCE 2018 w najwy\u017cszej mo\u017cliwej kat. elite!<\/strong><\/p>\n<p><strong>MISTRZYNI POLSKI POLE SPORT 2014\u00a0<\/strong><\/p>\n<p><strong>POLE DRAMA CHAMPION &#8211; GRECCE 2016\u00a0<\/strong><\/p>\n<p><strong>NAJBARDZIEJ UTYTU\u0141OWA POLE DANCERKA W POLSCE!<\/strong><\/p>\n<p><strong>\u00a0JEDYNA w Polsce, kt\u00f3ra zdoby\u0142a mistrzowskie tytu\u0142y w ka\u017cdej odmianie pole dance w najwy\u017cszych kategoriach poziomowych!\u00a0<span>Ponadto Malwina uznawana jest na ca\u0142ym \u015bwiecie, gdzie jest zapraszana do prowadzenia warsztat\u00f3w oraz jako juror.<\/span><\/strong><\/p>\n<p><strong>Wszystkie nasze instruktorki to do\u015bwiadczone trenerki z osi\u0105gni\u0119ciami i certyfikatami. Ka\u017cda z nich przesz\u0142a szkolenie u Malwiny GS.<\/strong><\/p>\n<p><strong>Nasze instruktorki, ale tak\u017ce nasze kursantki mog\u0105 pochwali\u0107 si\u0119 licznimi osi\u0105gni\u0119ciami!<\/strong><\/p>\n<p>&nbsp;<\/p>\n<p>Szko\u0142a Esensai powsta\u0142a w maju 2011r. i od tego czasu cieszy si\u0119 du\u017c\u0105 popularno\u015bci\u0105 i dobr\u0105 opini\u0105.<\/p>\n<p>W naszym studiu mo\u017cesz nauczy\u0107 si\u0119 niezwyk\u0142ego sportu jakim jest pole dance, nabierzesz pewno\u015bci siebie, zadbasz o figur\u0119 w ciekawszy spos\u00f3b ni\u017c si\u0142ownia czy zwyk\u0142y fitness. Spr\u00f3buj, a przekonasz si\u0119 sama!<\/p>\n<p>Jedyna taka szko\u0142a w Tr\u00f3jmie\u015bcie:<\/p>\n<p>&#8211; Nasza kadra to do\u015bwiadczone tancerki i trenerki z certyfikatami, tytu\u0142ami mistrz\u00f3w,\u00a0medalistki Mistrzostw Polski, Europy i \u015awiata!<\/p>\n<p>&#8211; Nasze studio odwiedziedzaj\u0105 \u015bwiatowej s\u0142awy gwiazdy pole dance m.in.\u00a0<span>Anastasia Skukhtorova,\u00a0Evgeny Greshilov,\u00a0Sergia Louise Anderson, Marlo Fisken, Natasha Wang, Oona Kivela, Olga Koda, Dimitri Politov i wiele, wiele innych.<\/span><\/p>\n<p>&#8211; Organizujemy: warsztaty, , zawody Pole dance,\u00a0lekcje w ramach wieczor\u00f3w panie\u0144skich , imprez urodzinowych, zaj\u0119cia przygotowuj\u0105ce do udzia\u0142u w zawodach (nasze podopieczne zdobywaj\u0105 najwy\u017csze podium na mistrzostwach!)<\/p>\n<p>&#8211; Oferujemy: pokazy, show na najwy\u017cszym poziomie<\/p>\n<p>&#8211; Prowadzimy sprzeda\u017c odzie\u017cy i akcesorii do Pole Dance<\/p>\n<p>&#8211; Nale\u017cymy do stowarzyszenia &#8222;Polskie Spo\u0142eczno\u015b\u0107 Pole Sport&#8221;<\/p>\n<p>&#8211; Byli\u015bmy patronem &#8222;I oficjalnych Mistrzostw Polski Pole Dance 2012&#8221;<\/p>\n<p>&#8211; Bierzemy czynny udzia\u0142 w rozwoju Pole Dance w Polsce<\/p>\n<p>ESENSAI<\/p>\n<p>to profesjonalne studio wyposa\u017cone w rurki najwy\u017cszej klasy antyalergiczne z wersj\u0105 statyczn\u0105 i obrotow\u0105, materace dla bezpiecze\u0144stwa kursantek oraz w lustra.<\/p>\n<p>Jako jedyni w Tr\u00f3jmie\u015bcie posiadamy 3 r\u00f3\u017cne \u015brednice rur, dzi\u0119ki czemu masz mo\u017cliwo\u015b\u0107 dopasowania treningu do swoich indywidualnych potrzeb i mo\u017cliwo\u015bci!<\/p>\n<p>Posiadamy 3 wysokie sale na kt\u00f3rych odbywaj\u0105\u00a0si\u0119 zaj\u0119cia:\u00a0Pole Dance, Exotic Pole, Pole Routine, Spin Pole, Stretching i inne.<\/p>\n<p>Akceptujemy karty multisport PLUS!<\/p>\n<p>&nbsp;<\/p>\n<p>Gda\u0144sk, al. Grunwaldzka 489<\/p>\n<p>zapisy, zaj\u0119cia, wieczory panie\u0144skie:\u00a0<span id=\"cloak98336\"><a href=\"mailto:biuro@esensai.pl\">biuro@esensai.pl<\/a><\/span>\u00a0\/ tel. 790-472-068<\/p>\n<p>&nbsp;<\/p>\n<p>Zobacz co o naszym studiu m\u00f3wi wielokrotna Mistrzyni \u015awiata Pole Sport, Art. Dla wielu kr\u00f3lowa pole dance&#8217;u.<\/p>\n<p>[\/et_pb_text][\/et_pb_column][\/et_pb_row][\/et_pb_section][et_pb_section fb_built=&#8221;1&#8243; prev_background_color=&#8221;#ffffff&#8221; _builder_version=&#8221;3.17.6&#8243; background_color=&#8221;#000000&#8243; min_height=&#8221;10px&#8221; custom_margin=&#8221;1px|||||&#8221; custom_padding=&#8221;6px|0px|0|0px|false|false&#8221; top_divider_style=&#8221;wave2&#8243; top_divider_height=&#8221;61px&#8221; global_module=&#8221;238661&#8243; saved_tabs=&#8221;all&#8221;][et_pb_row _builder_version=&#8221;3.25&#8243; custom_padding=&#8221;139px|0px|27px|0px|false|false&#8221;][et_pb_column type=&#8221;4_4&#8243; _builder_version=&#8221;3.25&#8243; custom_padding=&#8221;|||&#8221; custom_padding__hover=&#8221;|||&#8221;][et_pb_image src=&#8221;https:\/\/esensai.pl\/wp-content\/uploads\/2019\/07\/esensai_logo.png&#8221; align=&#8221;center&#8221; align_tablet=&#8221;center&#8221; align_phone=&#8221;&#8221; align_last_edited=&#8221;on|desktop&#8221; disabled_on=&#8221;on|on|off&#8221; _builder_version=&#8221;3.23&#8243; max_width=&#8221;20%&#8221; module_alignment=&#8221;center&#8221;][\/et_pb_image][et_pb_text admin_label=&#8221;Tekst&#8221; _builder_version=&#8221;4.3.2&#8243; header_font=&#8221;Montserrat||||||||&#8221; header_2_font=&#8221;Montserrat|||on|||||&#8221; header_2_text_color=&#8221;#FFFFFF&#8221; header_2_font_size=&#8221;19px&#8221; header_2_letter_spacing=&#8221;1px&#8221; header_font_size_tablet=&#8221;&#8221; header_font_size_phone=&#8221;&#8221; header_font_size_last_edited=&#8221;on|desktop&#8221; header_2_font_size_tablet=&#8221;&#8221; header_2_font_size_phone=&#8221;9px&#8221; header_2_font_size_last_edited=&#8221;on|phone&#8221;][\/et_pb_text][et_pb_text _builder_version=&#8221;3.27.4&#8243; text_font=&#8221;||||||||&#8221; header_font=&#8221;Montserrat||||||||&#8221; header_2_font=&#8221;Roboto||||||||&#8221; header_2_text_color=&#8221;#FFFFFF&#8221; header_2_font_size=&#8221;19px&#8221; header_2_letter_spacing=&#8221;2px&#8221; text_font_size_tablet=&#8221;&#8221; text_font_size_phone=&#8221;8px&#8221; text_font_size_last_edited=&#8221;on|phone&#8221; header_2_font_size_tablet=&#8221;&#8221; header_2_font_size_phone=&#8221;12px&#8221; header_2_font_size_last_edited=&#8221;on|phone&#8221;]<\/p>\n<h2 style=\"text-align: center;\"><span style=\"text-decoration: underline;\"><a href=\"mailto:biuro@esensai.pl\">biuro@esensai.pl<\/a><\/span>\u00a0 |\u00a0<span style=\"text-decoration: underline;\">+790-472-068<\/span> \u00a0<\/a><\/h2>\n<p>[\/et_pb_text][et_pb_text _builder_version=&#8221;3.27.4&#8243; header_font=&#8221;Montserrat||||||||&#8221; header_2_font=&#8221;Georgia|||on|||||&#8221; header_2_text_color=&#8221;#FFFFFF&#8221; header_2_font_size=&#8221;16px&#8221; header_2_letter_spacing=&#8221;2px&#8221;]<\/p>\n<h2 style=\"text-align: center;\">Gda\u0144sk (Oliwa &#8211; obok salonu Mercedesa)<br \/>\nAl. Grunwaldzka 489<\/h2>\n<p>[\/et_pb_text][\/et_pb_column][\/et_pb_row][\/et_pb_section][et_pb_section fb_built=&#8221;1&#8243; fullwidth=&#8221;on&#8221; _builder_version=&#8221;3.17.6&#8243; global_module=&#8221;238875&#8243; saved_tabs=&#8221;all&#8221;][et_pb_fullwidth_code _builder_version=&#8221;4.0.2&#8243;]<iframe loading=\"lazy\" src=\"https:\/\/www.google.com\/maps\/embed?pb=!1m14!1m8!1m3!1d9288.6175588171!2d18.5702086!3d54.4072497!3m2!1i1024!2i768!4f13.1!3m3!1m2!1s0x0%3A0xd8c69f84be9d956d!2sESENSAI%20Pole%20Dance%20Studio!5e0!3m2!1spl!2spl!4v1579707798958!5m2!1spl!2spl\" width=\"2500\" height=\"400\" frameborder=\"0\" style=\"border:0;\" allowfullscreen=\"\"><\/iframe>[\/et_pb_fullwidth_code][\/et_pb_section]<\/p>\n","protected":false},"excerpt":{"rendered":"<p>[et_pb_section fb_built=&#8221;1&#8243; next_background_color=&#8221;#ffffff&#8221; disabled_on=&#8221;off|off|off&#8221; _builder_version=&#8221;3.17.6&#8243; background_color=&#8221;rgba(0,0,0,0.26)&#8221; background_image=&#8221;https:\/\/esensai.pl\/wp-content\/uploads\/2019\/11\/1-001.jpg&#8221; parallax=&#8221;on&#8221; bottom_divider_style=&#8221;wave2&#8243; bottom_divider_height=&#8221;63px&#8221; custom_css_main_element=&#8221;height: 70vh&#8221; global_module=&#8221;238874&#8243; saved_tabs=&#8221;all&#8221;][et_pb_row _builder_version=&#8221;3.25&#8243; custom_padding=&#8221;14px|0px|0|0px|false|false&#8221;][et_pb_column type=&#8221;4_4&#8243; _builder_version=&#8221;3.25&#8243; custom_padding=&#8221;|||&#8221; custom_padding__hover=&#8221;|||&#8221;][et_pb_text _builder_version=&#8221;3.27.4&#8243; text_font=&#8221;Montserrat|700|||||||&#8221; text_text_color=&#8221;#FFFFFF&#8221; text_font_size=&#8221;70px&#8221; custom_margin=&#8221;14%||&#8221; text_text_shadow_style=&#8221;preset2&#8243;] Pole Dance [\/et_pb_text][et_pb_blurb url=&#8221;#onas&#8221; use_icon=&#8221;on&#8221; font_icon=&#8221;%%18%%&#8221; icon_color=&#8221;#ffffff&#8221; use_icon_font_size=&#8221;on&#8221; icon_font_size=&#8221;85px&#8221; _builder_version=&#8221;3.17.6&#8243; link_option_url=&#8221;#experience&#8221;][\/et_pb_blurb][\/et_pb_column][\/et_pb_row][\/et_pb_section][et_pb_section fb_built=&#8221;1&#8243; module_id=&#8221;onas&#8221; module_class=&#8221;onas&#8221; _builder_version=&#8221;3.22&#8243; custom_padding=&#8221;0|0px|18px|0px|false|false&#8221; ab_goal=&#8221;on&#8221;][et_pb_row module_class=&#8221; et_pb_row_fullwidth&#8221; _builder_version=&#8221;3.25&#8243; width=&#8221;89%&#8221; width_tablet=&#8221;80%&#8221; width_phone=&#8221;&#8221; width_last_edited=&#8221;on|desktop&#8221; max_width=&#8221;89%&#8221; max_width_tablet=&#8221;80%&#8221; max_width_phone=&#8221;&#8221; max_width_last_edited=&#8221;on|desktop&#8221; custom_padding=&#8221;8px|0px|0|0px|false|false&#8221; [&hellip;]<\/p>\n","protected":false},"author":1,"featured_media":0,"parent":0,"menu_order":0,"comment_status":"closed","ping_status":"closed","template":"","meta":{"_et_pb_use_builder":"on","_et_pb_old_content":"","_et_gb_content_width":""},"_links":{"self":[{"href":"https:\/\/esensai.pl\/index.php\/wp-json\/wp\/v2\/pages\/239101"}],"collection":[{"href":"https:\/\/esensai.pl\/index.php\/wp-json\/wp\/v2\/pages"}],"about":[{"href":"https:\/\/esensai.pl\/index.php\/wp-json\/wp\/v2\/types\/page"}],"author":[{"embeddable":true,"href":"https:\/\/esensai.pl\/index.php\/wp-json\/wp\/v2\/users\/1"}],"replies":[{"embeddable":true,"href":"https:\/\/esensai.pl\/index.php\/wp-json\/wp\/v2\/comments?post=239101"}],"version-history":[{"count":22,"href":"https:\/\/esensai.pl\/index.php\/wp-json\/wp\/v2\/pages\/239101\/revisions"}],"predecessor-version":[{"id":239641,"href":"https:\/\/esensai.pl\/index.php\/wp-json\/wp\/v2\/pages\/239101\/revisions\/239641"}],"wp:attachment":[{"href":"https:\/\/esensai.pl\/index.php\/wp-json\/wp\/v2\/media?parent=239101"}],"curies":[{"name":"wp","href":"https:\/\/api.w.org\/{rel}","templated":true}]}}