{"id":238801,"date":"2019-07-11T14:46:13","date_gmt":"2019-07-11T12:46:13","guid":{"rendered":"http:\/\/esensai.pl\/index.php\/cennik\/"},"modified":"2026-01-22T12:43:16","modified_gmt":"2026-01-22T11:43:16","slug":"cennik","status":"publish","type":"page","link":"https:\/\/esensai.pl\/index.php\/cennik\/","title":{"rendered":"Cennik"},"content":{"rendered":"<p>[et_pb_section fb_built=&#8221;1&#8243; next_background_color=&#8221;#ffffff&#8221; disabled_on=&#8221;off|off|off&#8221; _builder_version=&#8221;3.17.6&#8243; background_color=&#8221;rgba(0,0,0,0.26)&#8221; background_image=&#8221;https:\/\/esensai.pl\/wp-content\/uploads\/2019\/11\/1-001.jpg&#8221; parallax=&#8221;on&#8221; bottom_divider_style=&#8221;wave2&#8243; bottom_divider_height=&#8221;63px&#8221; custom_css_main_element=&#8221;height: 70vh&#8221; global_module=&#8221;238874&#8243; saved_tabs=&#8221;all&#8221;][et_pb_row _builder_version=&#8221;3.25&#8243; custom_padding=&#8221;14px|0px|0|0px|false|false&#8221;][et_pb_column type=&#8221;4_4&#8243; _builder_version=&#8221;3.25&#8243; custom_padding=&#8221;|||&#8221; custom_padding__hover=&#8221;|||&#8221;][et_pb_text _builder_version=&#8221;3.27.4&#8243; text_font=&#8221;Montserrat|700|||||||&#8221; text_text_color=&#8221;#FFFFFF&#8221; text_font_size=&#8221;70px&#8221; custom_margin=&#8221;14%||&#8221; text_text_shadow_style=&#8221;preset2&#8243;]<\/p>\n<p style=\"text-align: center;\">Pole Dance <\/p>\n<p>[\/et_pb_text][et_pb_blurb url=&#8221;#onas&#8221; use_icon=&#8221;on&#8221; font_icon=&#8221;%%18%%&#8221; icon_color=&#8221;#ffffff&#8221; use_icon_font_size=&#8221;on&#8221; icon_font_size=&#8221;85px&#8221; _builder_version=&#8221;3.17.6&#8243; link_option_url=&#8221;#experience&#8221;][\/et_pb_blurb][\/et_pb_column][\/et_pb_row][\/et_pb_section][et_pb_section fb_built=&#8221;1&#8243; module_id=&#8221;onas&#8221; module_class=&#8221;onas&#8221; _builder_version=&#8221;3.22&#8243; custom_padding=&#8221;0|0px|18px|0px|false|false&#8221;][et_pb_row module_class=&#8221; et_pb_row_fullwidth&#8221; _builder_version=&#8221;3.25&#8243; width=&#8221;89%&#8221; width_tablet=&#8221;80%&#8221; width_phone=&#8221;&#8221; width_last_edited=&#8221;on|desktop&#8221; max_width=&#8221;89%&#8221; max_width_tablet=&#8221;80%&#8221; max_width_phone=&#8221;&#8221; max_width_last_edited=&#8221;on|desktop&#8221; custom_padding=&#8221;8px|0px|0|0px|false|false&#8221; make_fullwidth=&#8221;on&#8221;][et_pb_column type=&#8221;4_4&#8243; _builder_version=&#8221;3.25&#8243; custom_padding=&#8221;|||&#8221; custom_padding__hover=&#8221;|||&#8221;][et_pb_text _builder_version=&#8221;3.27.4&#8243; header_font=&#8221;Montserrat||||||||&#8221; header_2_font=&#8221;Montserrat|200|||||||&#8221; header_2_text_color=&#8221;#c80970&#8243; header_2_font_size=&#8221;43px&#8221; header_2_letter_spacing=&#8221;2px&#8221; custom_margin=&#8221;||0px&#8221;]<\/p>\n<h2 style=\"text-align: center;\">Cennik<\/h2>\n<p>[\/et_pb_text][et_pb_divider color=&#8221;#c80970&#8243; divider_weight=&#8221;2px&#8221; _builder_version=&#8221;3.17.6&#8243;]<br \/>\n[\/et_pb_divider][\/et_pb_column][\/et_pb_row][et_pb_row module_class=&#8221; et_pb_row_fullwidth&#8221; _builder_version=&#8221;3.25&#8243; width=&#8221;89%&#8221; width_tablet=&#8221;80%&#8221; width_phone=&#8221;&#8221; width_last_edited=&#8221;on|desktop&#8221; max_width=&#8221;89%&#8221; max_width_tablet=&#8221;80%&#8221; max_width_phone=&#8221;&#8221; max_width_last_edited=&#8221;on|desktop&#8221; custom_padding=&#8221;0|0px|0|0px|false|false&#8221; make_fullwidth=&#8221;on&#8221;][et_pb_column type=&#8221;4_4&#8243; _builder_version=&#8221;3.25&#8243; custom_padding=&#8221;|||&#8221; custom_padding__hover=&#8221;|||&#8221;][et_pb_text _builder_version=&#8221;3.27.4&#8243; text_font=&#8221;Montserrat||||||||&#8221; text_font_size=&#8221;15px&#8221; text_line_height=&#8221;1.6em&#8221; header_font=&#8221;Montserrat||||||||&#8221; header_2_font=&#8221;Montserrat|300|||||||&#8221; header_2_text_color=&#8221;#000000&#8243; header_2_font_size=&#8221;18px&#8221; header_2_line_height=&#8221;1.9em&#8221;]<\/p>\n<p style=\"text-align: center;\">\n<p style=\"text-align: center;\"><strong>karnet ZWYK\u0141Y mo\u017cna chodzi\u0107 na wszystkie zaj\u0119cia trwaj\u0105ce 60min (nie obejmuje jedynie zaj\u0119\u0107 full session 90min)<\/strong><\/p>\n<p style=\"text-align: center;\">POLE DANCE, EXOTIC TRICKS, SPIN POLE, STRECHING, EXOTIC (ka\u017cdy rodzaj), DANCE, OPEN POLE, itd. \u2013 karnety wa\u017cne przez 27 dni<span style=\"font-size: 15px; text-align: left;\">\u00a0<\/span>\u00a0 \u00a0<\/p>\n<table width=\"837\" cellpadding=\"4\" cellspacing=\"0\" height=\"288\">\n<colgroup>\n<col width=\"128*\" \/>\n<col width=\"128*\" \/><\/colgroup>\n<tbody>\n<tr valign=\"top\">\n<td style=\"width: 569.09375px;\">\n<p align=\"center\">Ilo\u015b\u0107 godzin<\/p>\n<\/td>\n<td style=\"width: 569.09375px;\">\n<p align=\"center\">Cena<\/p>\n<\/td>\n<\/tr>\n<tr valign=\"top\">\n<td style=\"width: 569.09375px;\">\n<p align=\"center\">1h<\/p>\n<\/td>\n<td style=\"width: 569.09375px;\">\n<p align=\"center\">65z\u0142<\/p>\n<\/td>\n<\/tr>\n<tr valign=\"top\">\n<td style=\"width: 569.09375px;\">\n<p align=\"center\">4h<\/p>\n<\/td>\n<td style=\"width: 569.09375px;\">\n<p align=\"center\">190z\u0142<\/p>\n<\/td>\n<\/tr>\n<tr valign=\"top\">\n<td style=\"width: 569.09375px;\">\n<p align=\"center\">6h<\/p>\n<\/td>\n<td style=\"width: 569.09375px;\">\n<p align=\"center\">280z\u0142<\/p>\n<\/td>\n<\/tr>\n<tr valign=\"top\">\n<td style=\"width: 569.09375px;\">\n<p align=\"center\">8h<\/p>\n<\/td>\n<td style=\"width: 569.09375px;\">\n<p align=\"center\">320z\u0142<\/p>\n<\/td>\n<\/tr>\n<tr valign=\"top\">\n<td style=\"width: 569.09375px;\">\n<p align=\"center\">10h<\/p>\n<\/td>\n<td style=\"width: 569.09375px;\">\n<p align=\"center\">390z\u0142<\/p>\n<\/td>\n<\/tr>\n<tr valign=\"top\">\n<td style=\"width: 569.09375px;\">\n<p align=\"center\">12h<\/p>\n<\/td>\n<td style=\"width: 569.09375px;\">\n<p align=\"center\">450z\u0142<\/p>\n<\/td>\n<\/tr>\n<tr valign=\"top\">\n<td style=\"width: 569.09375px;\">\n<p align=\"center\">16h<\/p>\n<\/td>\n<td style=\"width: 569.09375px;\">\n<p align=\"center\">520z\u0142<\/p>\n<\/td>\n<\/tr>\n<\/tbody>\n<\/table>\n<p>&nbsp;<\/p>\n<p>&nbsp;<\/p>\n<p style=\"text-align: center;\"><strong>karnet DANCE<\/strong><\/p>\n<p style=\"text-align: center;\">Obowi\u0105zuje na zaj\u0119cia taneczne bez rurki: SEXY CHAIR DANCE, FRAME UP\/STRIP, EXOTIC FLOORWORK CHOREO, EXOTIC FLOORWORK TECHNIQUE, ACRO FLOORWORK, ACRO SHAPSE + HANDSTANDS, HANDSTANDY,<\/p>\n<p style=\"text-align: center;\">oraz na zaj\u0119cia: STRECHING (ka\u017cdy rodzaj), oraz na: OPEN POLE \u2013 karnety wa\u017cne przez 27 dni<span>\u00a0<\/span>\u00a0\u00a0<\/p>\n<table width=\"1064\" cellpadding=\"6\" cellspacing=\"0\">\n<colgroup>\n<col width=\"279\" \/>\n<col width=\"758\" \/><\/colgroup>\n<tbody>\n<tr valign=\"top\">\n<td width=\"279\">\n<p align=\"center\"><span><b><span size=\"2\" style=\"font-size: small;\">Ilo\u015b\u0107 godzin<\/span><\/b><\/span><\/p>\n<\/td>\n<td width=\"758\">\n<p align=\"center\"><span><span size=\"2\" style=\"font-size: small;\"><b><strong>Cena za 1h (z\u0142)<\/strong><\/b><\/span><\/span><\/p>\n<\/td>\n<\/tr>\n<tr valign=\"top\">\n<td width=\"279\">\n<p align=\"center\"><span><b><span size=\"2\" style=\"font-size: small;\">1h<\/span><\/b><\/span><\/p>\n<\/td>\n<td width=\"758\">\n<p align=\"center\"><span size=\"2\" style=\"font-size: small;\">50z\u0142<\/span><\/p>\n<\/td>\n<\/tr>\n<tr valign=\"top\">\n<td width=\"279\">\n<p align=\"center\"><span><b><span size=\"2\" style=\"font-size: small;\">4h<\/span><\/b><\/span><\/p>\n<\/td>\n<td width=\"758\">\n<p align=\"center\"><span size=\"2\" style=\"font-size: small;\">150z\u0142<\/span><\/p>\n<\/td>\n<\/tr>\n<tr valign=\"top\">\n<td width=\"279\">\n<p align=\"center\"><span><b><span size=\"2\" style=\"font-size: small;\">8h<\/span><\/b><\/span><\/p>\n<\/td>\n<td width=\"758\">\n<p align=\"center\"><span size=\"2\" style=\"font-size: small;\">260z\u0142<\/span><\/p>\n<\/td>\n<\/tr>\n<tr valign=\"top\">\n<td width=\"279\">\n<p align=\"center\"><span><span size=\"2\" style=\"font-size: small;\"><b><strong>1<\/strong><\/b><\/span><span size=\"2\" style=\"font-size: small;\"><b><strong>2h<\/strong><\/b><\/span><\/span><\/p>\n<\/td>\n<td width=\"758\">\n<p align=\"center\"><span><span size=\"2\" style=\"font-size: small;\">340z\u0142<\/span><\/span><\/p>\n<\/td>\n<\/tr>\n<\/tbody>\n<\/table>\n<p>&nbsp;<\/p>\n<p style=\"text-align: center;\"><strong>karnet OS (open pole i stretching)<\/strong>\u00a0<\/p>\n<p style=\"text-align: center;\"><strong>obowi\u0105zuje na zaj\u0119cia:\u00a0OPEN POLE (wynajem 1 rurki na sali) oraz na zaj\u0119cia STRETCHING \u2013 karnety wa\u017cne przez 31 dni od momentu zakupu<\/strong><span style=\"font-size: 15px; text-align: left;\">\u00a0<\/span>\u00a0<\/p>\n<table border=\"1\" cellpadding=\"0\" cellspacing=\"0\" width=\"1064\" height=\"175\">\n<tbody>\n<tr>\n<td valign=\"top\">\n<p align=\"center\"><b>Ilo\u015b\u0107 godzin\u00a0<\/b><\/p>\n<\/td>\n<td valign=\"top\">\n<p align=\"center\"><strong>Cena za 1h (z\u0142)<\/strong><\/p>\n<\/td>\n<\/tr>\n<tr>\n<td valign=\"top\">\n<p align=\"center\"><b>1h<\/b><\/p>\n<\/td>\n<td valign=\"top\">\n<p align=\"center\">35z\u0142\u00a0<\/p>\n<\/td>\n<\/tr>\n<tr>\n<td valign=\"top\">\n<p align=\"center\"><b>4h<\/b><\/p>\n<\/td>\n<td valign=\"top\">\n<p align=\"center\">120z\u0142<\/p>\n<\/td>\n<\/tr>\n<tr>\n<td valign=\"top\">\n<p align=\"center\"><b>8h<\/b><\/p>\n<\/td>\n<td valign=\"top\">\n<p align=\"center\">190z\u0142<\/p>\n<\/td>\n<\/tr>\n<tr>\n<td valign=\"top\" style=\"text-align: center;\"><strong>12h<\/strong><\/td>\n<td valign=\"top\" style=\"text-align: center;\"><span>\u00a0250z\u0142<\/span><span style=\"font-size: 15px; text-align: left;\">\u00a0<\/span><\/td>\n<\/tr>\n<\/tbody>\n<\/table>\n<p><span style=\"font-size: 15px;\"><\/span><\/p>\n<p style=\"text-align: center;\"><strong><span><\/span><\/strong><\/p>\n<p style=\"text-align: center;\"><strong><span><\/span><\/strong><\/p>\n<p style=\"text-align: center;\"><strong><span><\/span><\/strong><\/p>\n<p style=\"text-align: center;\"><strong><span>Karnet OPEN POLE NO LIMIT &#8211; nieograniczona liczba wej\u015b\u0107 na Open Pole &#8211; wa\u017cny 31 dni od dnia zakupu &#8211; 380z\u0142<\/span><\/strong><\/p>\n<p style=\"text-align: center;\"><strong><span>Karnet NO LIMIT (wszystkie zaj\u0119cia grupowe + open studio bez ogranicze\u0144 ilo\u015bciowych) &#8211; wa\u017cny 27dni &#8211; 900z\u0142<\/span><\/strong><\/p>\n<p style=\"text-align: center;\"><strong><\/strong><\/p>\n<p style=\"text-align: center;\"><strong><\/strong><\/p>\n<p style=\"text-align: center;\"><strong><\/strong><\/p>\n<p style=\"text-align: center;\"><strong><\/strong><\/p>\n<p style=\"text-align: center;\"><strong>Zaj\u0119cia indywidualne (wszystkie techniki)\u00a0<\/strong>\u00a0<span style=\"font-size: 15px; text-align: left;\">\u00a0<\/span><span style=\"font-size: 15px; text-align: left;\">\u00a0<\/span>\u00a0\u00a0<\/p>\n<table border=\"1\" cellpadding=\"0\" cellspacing=\"0\">\n<tbody>\n<tr>\n<td valign=\"top\" style=\"width: 518.8125px;\">\n<p align=\"center\"><b>Ilo\u015b\u0107 godzin<\/b><\/p>\n<\/td>\n<td valign=\"top\" style=\"width: 518.8125px;\">\n<p align=\"center\"><b>Cena (z\u0142)<\/b><span style=\"font-size: 15px; text-align: left;\">\u00a0<\/span><\/p>\n<\/td>\n<\/tr>\n<tr>\n<td valign=\"top\" style=\"width: 518.8125px;\">\n<p align=\"center\"><b>1h<br \/><\/b><b style=\"font-size: 15px; text-align: left;\">(lekcja z wybranym instruktorem &#8211; nie dotyczy lekcji z Malwin\u0105)<\/b><\/p>\n<\/td>\n<td valign=\"top\" style=\"width: 518.8125px;\">\n<p align=\"center\">od 180 (1os.)<\/p>\n<\/td>\n<\/tr>\n<tr>\n<td valign=\"top\" style=\"width: 518.8125px;\">\n<p align=\"center\"><strong>1h<br \/><\/strong><strong style=\"font-size: 15px; text-align: left;\">(lekcja z Malwin\u0105 GS)<\/strong><\/p>\n<\/td>\n<td valign=\"top\" style=\"width: 518.8125px;\">\n<p align=\"center\">250z\u0142 (1os.) dla os\u00f3b z wa\u017cnym karnetem w esensai<\/p>\n<p align=\"center\">300z\u0142 dla pozosta\u0142ych os\u00f3b<\/p>\n<p align=\"center\">\n<\/td>\n<\/tr>\n<tr>\n<td valign=\"top\" style=\"width: 518.8125px;\">\n<p align=\"center\"><b>1h\u00a0<br \/><\/b><b style=\"font-size: 15px; text-align: left;\"><strong>(lekcja z wybranym instruktorem &#8211; nie dotyczy lekcji z Malwin\u0105)<\/strong><\/b><\/p>\n<\/td>\n<td valign=\"top\" style=\"width: 518.8125px;\">\n<p align=\"center\">od 120\/os. (przy 2os.)<\/p>\n<\/td>\n<\/tr>\n<tr>\n<td valign=\"top\" style=\"width: 518.8125px;\">\n<p align=\"center\"><b>1h\u00a0<br \/><\/b><b style=\"font-size: 15px; text-align: left;\"><strong>(lekcja z wybranym instruktorem &#8211; nie dotyczy lekcji z Malwin\u0105)<\/strong><\/b><\/p>\n<\/td>\n<td valign=\"top\" style=\"width: 518.8125px;\">\n<p align=\"center\">od 110\/os. (przy 3-4os.)<span style=\"font-size: 15px; text-align: left;\">\u00a0<\/span><\/p>\n<\/td>\n<\/tr>\n<\/tbody>\n<\/table>\n<p style=\"text-align: center;\"><span><\/span><\/p>\n<p style=\"text-align: center;\"><span><\/span><\/p>\n<p style=\"text-align: center;\"><strong>Wynajem sal<\/strong>\u00a0\u00a0<\/p>\n<p>\u00a0<span style=\"font-size: 15px;\">\u00a0<\/span><span style=\"font-size: 15px;\">(podane ceny obowi\u0105zuj\u0105 w godzinach otwarcia studia pn.-pt. 16.00-21.00, poza tymi godzinami do ceny nale\u017cy doliczy\u0107 plus 50z\u0142 za ka\u017cd\u0105 godzin\u0119 niezale\u017cnie od wybranej sali)\u00a0<\/span><span style=\"font-size: 15px;\">\u00a0<\/span><span style=\"font-size: 15px;\">\u00a0\u00a0<\/span><span style=\"font-size: 15px;\">\u00a0<\/span><\/p>\n<table border=\"1\" cellpadding=\"0\" cellspacing=\"0\" width=\"1064\" height=\"175\">\n<tbody>\n<tr>\n<td valign=\"top\" style=\"width: 531.71875px;\">\n<p align=\"center\"><b>Sala<\/b><\/p>\n<\/td>\n<td valign=\"top\" style=\"width: 531.71875px;\">\n<p align=\"center\"><strong>Cena za 1h (z\u0142)<\/strong><\/p>\n<\/td>\n<\/tr>\n<tr>\n<td valign=\"top\" style=\"width: 531.71875px;\">\n<p align=\"center\"><b>1 (sala ma\u0142a &#8211; 3 rurki )<\/b><\/p>\n<\/td>\n<td valign=\"top\" style=\"width: 531.71875px;\">\n<p align=\"center\">60z\u0142 (1 lub 2 os. na sali)<\/p>\n<p align=\"center\">80z\u0142 (3 os. na sali)<\/p>\n<p align=\"center\">100z\u0142 (4 os. na sali)<\/p>\n<p align=\"center\">\n<\/td>\n<\/tr>\n<tr>\n<td valign=\"top\" style=\"width: 531.71875px;\">\n<p align=\"center\"><b>2 (\u015brednia sala &#8211; 6 rurek)<\/b><\/p>\n<\/td>\n<td valign=\"top\" style=\"width: 531.71875px;\">\n<p align=\"center\">150z\u0142 (maks. 6os. na sali, ka\u017cda dodatkowa osoba +25z\u0142\/os.)<\/p>\n<\/td>\n<\/tr>\n<tr>\n<td valign=\"top\" style=\"width: 531.71875px;\">\n<p align=\"center\"><b>3 (du\u017ca sala &#8211; 13 rurek)<\/b><\/p>\n<\/td>\n<td valign=\"top\" style=\"width: 531.71875px;\">\n<p align=\"center\">300z\u0142 (maks. 13 os\u00f3b na sali)<\/p>\n<\/td>\n<\/tr>\n<tr>\n<td valign=\"top\" style=\"width: 531.71875px; text-align: center;\">\n<p><b>4\u00a0<\/b><b style=\"font-size: 15px;\">(sala ma\u0142a &#8211;\u00a0<\/b><b style=\"font-size: 15px;\">2 rurki)<\/b><\/p>\n<\/td>\n<td valign=\"top\" style=\"width: 531.71875px; text-align: center;\">\n<p><span style=\"font-size: 15px;\">\u00a060z\u0142 (1-2 osoby)<\/span><\/p>\n<p>80z\u0142 (3 osoby)<span style=\"font-size: 15px;\"><\/span><\/p>\n<p>100z\u0142 (4 osoby)<\/p>\n<p>Szczeg\u00f3\u0142y\u00a0<a href=\"https:\/\/esensai.pl\/index.php\/wynajem\">https:\/\/esensai.pl\/index.php\/wynajem<\/a>\u00a0<\/p>\n<p><span style=\"font-size: 15px;\"><\/span><\/p>\n<p><span style=\"font-size: 15px;\"><\/span><\/p>\n<\/td>\n<\/tr>\n<\/tbody>\n<\/table>\n<p><span style=\"font-size: 15px;\">\u00a0<\/span><\/p>\n<p>&nbsp;<\/p>\n<p>[\/et_pb_text][\/et_pb_column][\/et_pb_row][\/et_pb_section][et_pb_section fb_built=&#8221;1&#8243; fullwidth=&#8221;on&#8221; _builder_version=&#8221;3.22&#8243; top_divider_style=&#8221;wave2&#8243; top_divider_color=&#8221;#ffffff&#8221;][et_pb_fullwidth_header _builder_version=&#8221;3.17.6&#8243; background_color=&#8221;#000000&#8243; background_image=&#8221;https:\/\/esensai.pl\/wp-content\/uploads\/2019\/11\/s-10.jpg&#8221; parallax=&#8221;on&#8221; custom_css_main_element=&#8221;height:350px;&#8221;]<br \/>\n[\/et_pb_fullwidth_header][\/et_pb_section][et_pb_section fb_built=&#8221;1&#8243; _builder_version=&#8221;3.22&#8243; custom_padding=&#8221;16px|0px|0|0px|false|false&#8221;][et_pb_row column_structure=&#8221;1_3,1_3,1_3&#8243; module_class=&#8221; et_pb_row_fullwidth&#8221; _builder_version=&#8221;4.3.2&#8243; width=&#8221;89%&#8221; width_tablet=&#8221;80%&#8221; width_phone=&#8221;&#8221; width_last_edited=&#8221;on|desktop&#8221; max_width=&#8221;89%&#8221; max_width_tablet=&#8221;80%&#8221; max_width_phone=&#8221;&#8221; max_width_last_edited=&#8221;on|desktop&#8221; custom_padding=&#8221;14px|0px|0|0px|false|false&#8221; make_fullwidth=&#8221;on&#8221;][et_pb_column type=&#8221;1_3&#8243; _builder_version=&#8221;3.25&#8243; custom_padding=&#8221;|||&#8221; custom_padding__hover=&#8221;|||&#8221;][et_pb_blurb title=&#8221;Do\u015bwiadczenie&#8221; url=&#8221;https:\/\/esensai.pl\/index.php\/package-1\/&#8221; image=&#8221;https:\/\/esensai.pl\/wp-content\/uploads\/2022\/04\/Zdjecie-03.07.2019-11-51-38.jpg&#8221; _builder_version=&#8221;4.3.2&#8243; header_level=&#8221;h2&#8243; header_font=&#8221;Montserrat|300|||||||&#8221; header_text_color=&#8221;#c80970&#8243; header_font_size=&#8221;29px&#8221; body_font=&#8221;Montserrat||||||||&#8221; body_text_color=&#8221;#000000&#8243; body_letter_spacing=&#8221;1px&#8221; body_line_height=&#8221;1.8em&#8221; link_option_url=&#8221;https:\/\/esensai.pl\/index.php\/package-1\/&#8221; custom_css_main_element=&#8221;height: 510px&#8221;]<\/p>\n<p>Nasza kadra to do\u015bwiadczone tancerki i trenerki z certyfikatami, tytu\u0142ami mistrz\u00f3w, medalistki Mistrzostw Polski, Europy i \u015awiata!<\/p>\n<p>[\/et_pb_blurb][\/et_pb_column][et_pb_column type=&#8221;1_3&#8243; _builder_version=&#8221;3.25&#8243; custom_padding=&#8221;|||&#8221; custom_padding__hover=&#8221;|||&#8221;][et_pb_blurb title=&#8221;Popularno\u015b\u0107&#8221; image=&#8221;https:\/\/esensai.pl\/wp-content\/uploads\/2019\/11\/MAL_9777-Edit.jpg&#8221; _builder_version=&#8221;4.0.2&#8243; header_level=&#8221;h2&#8243; header_font=&#8221;Montserrat|300|||||||&#8221; header_text_color=&#8221;#c80970&#8243; header_font_size=&#8221;29px&#8221; body_font=&#8221;Montserrat||||||||&#8221; body_text_color=&#8221;#000000&#8243; body_letter_spacing=&#8221;1px&#8221; body_line_height=&#8221;1.8em&#8221; custom_css_main_element=&#8221;height: 510px&#8221;]<\/p>\n<p>Nasze studio odwiedziedzaj\u0105 \u015bwiatowej s\u0142awy gwiazdy pole dance m.in. Anastasia Skukhtorova, Evgeny Greshilov, Oona Kivela, Olga Koda, Dimitri Politov i wiele, wiele innych.Na zaj\u0119cia i warsztaty do naszej szko\u0142y przyje\u017cd\u017caj\u0105 kursanci z ca\u0142ej Europy.<\/p>\n<p>[\/et_pb_blurb][\/et_pb_column][et_pb_column type=&#8221;1_3&#8243; _builder_version=&#8221;3.25&#8243; custom_padding=&#8221;|||&#8221; custom_padding__hover=&#8221;|||&#8221;][et_pb_blurb title=&#8221;Eventy&#8221; image=&#8221;https:\/\/esensai.pl\/wp-content\/uploads\/2019\/11\/GAS_3270.jpg&#8221; _builder_version=&#8221;3.17.6&#8243; header_level=&#8221;h2&#8243; header_font=&#8221;Montserrat|300|||||||&#8221; header_text_color=&#8221;#c80970&#8243; header_font_size=&#8221;29px&#8221; body_font=&#8221;Montserrat||||||||&#8221; body_text_color=&#8221;#000000&#8243; body_letter_spacing=&#8221;1px&#8221; body_line_height=&#8221;1.8em&#8221; custom_css_main_element=&#8221;height: 510px&#8221;]<\/p>\n<p>Organizujemy: warsztaty, , zawody Pole dance, lekcje w ramach wieczor\u00f3w panie\u0144skich , imprez urodzinowych, zaj\u0119cia przygotowuj\u0105ce do udzia\u0142u w zawodach (nasze podopieczne zdobywaj\u0105 najwy\u017csze podium na mistrzostwach!)<\/p>\n<p>[\/et_pb_blurb][\/et_pb_column][\/et_pb_row][\/et_pb_section][et_pb_section fb_built=&#8221;1&#8243; prev_background_color=&#8221;#ffffff&#8221; _builder_version=&#8221;3.17.6&#8243; background_color=&#8221;#000000&#8243; min_height=&#8221;10px&#8221; custom_margin=&#8221;1px|||||&#8221; custom_padding=&#8221;6px|0px|0|0px|false|false&#8221; top_divider_style=&#8221;wave2&#8243; top_divider_height=&#8221;61px&#8221; global_module=&#8221;238661&#8243; saved_tabs=&#8221;all&#8221;][et_pb_row _builder_version=&#8221;3.25&#8243; custom_padding=&#8221;139px|0px|27px|0px|false|false&#8221;][et_pb_column type=&#8221;4_4&#8243; _builder_version=&#8221;3.25&#8243; custom_padding=&#8221;|||&#8221; custom_padding__hover=&#8221;|||&#8221;][et_pb_text _builder_version=&#8221;4.3.2&#8243;]<\/p>\n<p>OPCJA 3\u00a0<\/p>\n<p>[\/et_pb_text][et_pb_image src=&#8221;https:\/\/esensai.pl\/wp-content\/uploads\/2019\/07\/esensai_logo.png&#8221; align=&#8221;center&#8221; align_tablet=&#8221;center&#8221; align_phone=&#8221;&#8221; align_last_edited=&#8221;on|desktop&#8221; disabled_on=&#8221;on|on|off&#8221; _builder_version=&#8221;3.23&#8243; max_width=&#8221;20%&#8221; module_alignment=&#8221;center&#8221;][\/et_pb_image][et_pb_text admin_label=&#8221;Tekst&#8221; _builder_version=&#8221;4.3.2&#8243; header_font=&#8221;Montserrat||||||||&#8221; header_2_font=&#8221;Montserrat|||on|||||&#8221; header_2_text_color=&#8221;#FFFFFF&#8221; header_2_font_size=&#8221;19px&#8221; header_2_letter_spacing=&#8221;1px&#8221; header_font_size_tablet=&#8221;&#8221; header_font_size_phone=&#8221;&#8221; header_font_size_last_edited=&#8221;on|desktop&#8221; header_2_font_size_tablet=&#8221;&#8221; header_2_font_size_phone=&#8221;9px&#8221; header_2_font_size_last_edited=&#8221;on|phone&#8221;][\/et_pb_text][et_pb_text _builder_version=&#8221;3.27.4&#8243; text_font=&#8221;||||||||&#8221; header_font=&#8221;Montserrat||||||||&#8221; header_2_font=&#8221;Roboto||||||||&#8221; header_2_text_color=&#8221;#FFFFFF&#8221; header_2_font_size=&#8221;19px&#8221; header_2_letter_spacing=&#8221;2px&#8221; text_font_size_tablet=&#8221;&#8221; text_font_size_phone=&#8221;8px&#8221; text_font_size_last_edited=&#8221;on|phone&#8221; header_2_font_size_tablet=&#8221;&#8221; header_2_font_size_phone=&#8221;12px&#8221; header_2_font_size_last_edited=&#8221;on|phone&#8221;]<\/p>\n<h2 style=\"text-align: center;\"><span style=\"text-decoration: underline;\"><a href=\"mailto:biuro@esensai.pl\">biuro@esensai.pl<\/a><\/span>\u00a0 |\u00a0<span style=\"text-decoration: underline;\">+790-472-068<\/span> \u00a0<\/a><\/h2>\n<p>[\/et_pb_text][et_pb_text _builder_version=&#8221;3.27.4&#8243; header_font=&#8221;Montserrat||||||||&#8221; header_2_font=&#8221;Georgia|||on|||||&#8221; header_2_text_color=&#8221;#FFFFFF&#8221; header_2_font_size=&#8221;16px&#8221; header_2_letter_spacing=&#8221;2px&#8221;]<\/p>\n<h2 style=\"text-align: center;\">Gda\u0144sk (Oliwa &#8211; obok salonu Mercedesa)<br \/>\nAl. Grunwaldzka 489<\/h2>\n<p>[\/et_pb_text][\/et_pb_column][\/et_pb_row][\/et_pb_section][et_pb_section fb_built=&#8221;1&#8243; fullwidth=&#8221;on&#8221; _builder_version=&#8221;3.17.6&#8243; global_module=&#8221;238875&#8243;][et_pb_fullwidth_code _builder_version=&#8221;4.0.2&#8243;]<iframe loading=\"lazy\" src=\"https:\/\/www.google.com\/maps\/embed?pb=!1m14!1m8!1m3!1d9288.6175588171!2d18.5702086!3d54.4072497!3m2!1i1024!2i768!4f13.1!3m3!1m2!1s0x0%3A0xd8c69f84be9d956d!2sESENSAI%20Pole%20Dance%20Studio!5e0!3m2!1spl!2spl!4v1579707798958!5m2!1spl!2spl\" width=\"2500\" height=\"400\" frameborder=\"0\" style=\"border:0;\" allowfullscreen=\"\"><\/iframe>[\/et_pb_fullwidth_code][\/et_pb_section]<\/p>\n","protected":false},"excerpt":{"rendered":"<p>[et_pb_section fb_built=&#8221;1&#8243; next_background_color=&#8221;#ffffff&#8221; disabled_on=&#8221;off|off|off&#8221; _builder_version=&#8221;3.17.6&#8243; background_color=&#8221;rgba(0,0,0,0.26)&#8221; background_image=&#8221;https:\/\/esensai.pl\/wp-content\/uploads\/2019\/11\/1-001.jpg&#8221; parallax=&#8221;on&#8221; bottom_divider_style=&#8221;wave2&#8243; bottom_divider_height=&#8221;63px&#8221; custom_css_main_element=&#8221;height: 70vh&#8221; global_module=&#8221;238874&#8243; saved_tabs=&#8221;all&#8221;][et_pb_row _builder_version=&#8221;3.25&#8243; custom_padding=&#8221;14px|0px|0|0px|false|false&#8221;][et_pb_column type=&#8221;4_4&#8243; _builder_version=&#8221;3.25&#8243; custom_padding=&#8221;|||&#8221; custom_padding__hover=&#8221;|||&#8221;][et_pb_text _builder_version=&#8221;3.27.4&#8243; text_font=&#8221;Montserrat|700|||||||&#8221; text_text_color=&#8221;#FFFFFF&#8221; text_font_size=&#8221;70px&#8221; custom_margin=&#8221;14%||&#8221; text_text_shadow_style=&#8221;preset2&#8243;] Pole Dance [\/et_pb_text][et_pb_blurb url=&#8221;#onas&#8221; use_icon=&#8221;on&#8221; font_icon=&#8221;%%18%%&#8221; icon_color=&#8221;#ffffff&#8221; use_icon_font_size=&#8221;on&#8221; icon_font_size=&#8221;85px&#8221; _builder_version=&#8221;3.17.6&#8243; link_option_url=&#8221;#experience&#8221;][\/et_pb_blurb][\/et_pb_column][\/et_pb_row][\/et_pb_section][et_pb_section fb_built=&#8221;1&#8243; module_id=&#8221;onas&#8221; module_class=&#8221;onas&#8221; _builder_version=&#8221;3.22&#8243; custom_padding=&#8221;0|0px|18px|0px|false|false&#8221;][et_pb_row module_class=&#8221; et_pb_row_fullwidth&#8221; _builder_version=&#8221;3.25&#8243; width=&#8221;89%&#8221; width_tablet=&#8221;80%&#8221; width_phone=&#8221;&#8221; width_last_edited=&#8221;on|desktop&#8221; max_width=&#8221;89%&#8221; max_width_tablet=&#8221;80%&#8221; max_width_phone=&#8221;&#8221; max_width_last_edited=&#8221;on|desktop&#8221; custom_padding=&#8221;8px|0px|0|0px|false|false&#8221; make_fullwidth=&#8221;on&#8221;][et_pb_column [&hellip;]<\/p>\n","protected":false},"author":1,"featured_media":0,"parent":0,"menu_order":0,"comment_status":"closed","ping_status":"closed","template":"","meta":{"_et_pb_use_builder":"on","_et_pb_old_content":"","_et_gb_content_width":""},"_links":{"self":[{"href":"https:\/\/esensai.pl\/index.php\/wp-json\/wp\/v2\/pages\/238801"}],"collection":[{"href":"https:\/\/esensai.pl\/index.php\/wp-json\/wp\/v2\/pages"}],"about":[{"href":"https:\/\/esensai.pl\/index.php\/wp-json\/wp\/v2\/types\/page"}],"author":[{"embeddable":true,"href":"https:\/\/esensai.pl\/index.php\/wp-json\/wp\/v2\/users\/1"}],"replies":[{"embeddable":true,"href":"https:\/\/esensai.pl\/index.php\/wp-json\/wp\/v2\/comments?post=238801"}],"version-history":[{"count":55,"href":"https:\/\/esensai.pl\/index.php\/wp-json\/wp\/v2\/pages\/238801\/revisions"}],"predecessor-version":[{"id":239909,"href":"https:\/\/esensai.pl\/index.php\/wp-json\/wp\/v2\/pages\/238801\/revisions\/239909"}],"wp:attachment":[{"href":"https:\/\/esensai.pl\/index.php\/wp-json\/wp\/v2\/media?parent=238801"}],"curies":[{"name":"wp","href":"https:\/\/api.w.org\/{rel}","templated":true}]}}