{"id":238799,"date":"2019-07-11T14:46:13","date_gmt":"2019-07-11T12:46:13","guid":{"rendered":"http:\/\/esensai.pl\/index.php\/strona-glowna\/"},"modified":"2024-09-18T21:57:38","modified_gmt":"2024-09-18T19:57:38","slug":"strona-glowna","status":"publish","type":"page","link":"https:\/\/esensai.pl\/","title":{"rendered":"Strona g\u0142\u00f3wna"},"content":{"rendered":"<p>[et_pb_section fb_built=&#8221;1&#8243; next_background_color=&#8221;#ffffff&#8221; disabled_on=&#8221;off|off|off&#8221; _builder_version=&#8221;3.17.6&#8243; background_color=&#8221;rgba(0,0,0,0.26)&#8221; background_image=&#8221;https:\/\/esensai.pl\/wp-content\/uploads\/2019\/11\/1-001.jpg&#8221; parallax=&#8221;on&#8221; bottom_divider_style=&#8221;wave2&#8243; bottom_divider_height=&#8221;63px&#8221; custom_css_main_element=&#8221;height: 70vh&#8221; global_module=&#8221;238874&#8243; saved_tabs=&#8221;all&#8221;][et_pb_row _builder_version=&#8221;3.25&#8243; custom_padding=&#8221;14px|0px|0|0px|false|false&#8221;][et_pb_column type=&#8221;4_4&#8243; _builder_version=&#8221;3.25&#8243; custom_padding=&#8221;|||&#8221; custom_padding__hover=&#8221;|||&#8221;][et_pb_text _builder_version=&#8221;3.27.4&#8243; text_font=&#8221;Montserrat|700|||||||&#8221; text_text_color=&#8221;#FFFFFF&#8221; text_font_size=&#8221;70px&#8221; custom_margin=&#8221;14%||&#8221; text_text_shadow_style=&#8221;preset2&#8243;]<\/p>\n<p style=\"text-align: center;\">Pole Dance <\/p>\n<p>[\/et_pb_text][et_pb_blurb url=&#8221;#onas&#8221; use_icon=&#8221;on&#8221; font_icon=&#8221;%%18%%&#8221; icon_color=&#8221;#ffffff&#8221; use_icon_font_size=&#8221;on&#8221; icon_font_size=&#8221;85px&#8221; _builder_version=&#8221;3.17.6&#8243; link_option_url=&#8221;#experience&#8221;][\/et_pb_blurb][\/et_pb_column][\/et_pb_row][\/et_pb_section][et_pb_section fb_built=&#8221;1&#8243; module_id=&#8221;onas&#8221; module_class=&#8221;onas&#8221; _builder_version=&#8221;3.22&#8243; custom_padding=&#8221;0|0px|18px|0px|false|false&#8221;][et_pb_row module_class=&#8221; et_pb_row_fullwidth&#8221; _builder_version=&#8221;3.25&#8243; width=&#8221;89%&#8221; width_tablet=&#8221;80%&#8221; width_phone=&#8221;&#8221; width_last_edited=&#8221;on|desktop&#8221; max_width=&#8221;89%&#8221; max_width_tablet=&#8221;80%&#8221; max_width_phone=&#8221;&#8221; max_width_last_edited=&#8221;on|desktop&#8221; custom_padding=&#8221;8px|0px|0|0px|false|false&#8221; make_fullwidth=&#8221;on&#8221;][et_pb_column type=&#8221;4_4&#8243; _builder_version=&#8221;3.25&#8243; custom_padding=&#8221;|||&#8221; custom_padding__hover=&#8221;|||&#8221;][et_pb_text _builder_version=&#8221;3.27.4&#8243; header_font=&#8221;Montserrat||||||||&#8221; header_2_font=&#8221;Montserrat|200|||||||&#8221; header_2_text_color=&#8221;#c80970&#8243; header_2_font_size=&#8221;43px&#8221; header_2_letter_spacing=&#8221;2px&#8221; custom_margin=&#8221;||0px&#8221;]<\/p>\n<h2 style=\"text-align: center;\">Strona g\u0142\u00f3wna<\/h2>\n<p>[\/et_pb_text][et_pb_divider color=&#8221;#c80970&#8243; divider_weight=&#8221;2px&#8221; _builder_version=&#8221;3.17.6&#8243;][\/et_pb_divider][\/et_pb_column][\/et_pb_row][et_pb_row column_structure=&#8221;3_5,2_5&#8243; module_class=&#8221; et_pb_row_fullwidth&#8221; _builder_version=&#8221;3.25&#8243; width=&#8221;89%&#8221; width_tablet=&#8221;80%&#8221; width_phone=&#8221;&#8221; width_last_edited=&#8221;on|desktop&#8221; max_width=&#8221;89%&#8221; max_width_tablet=&#8221;80%&#8221; max_width_phone=&#8221;&#8221; max_width_last_edited=&#8221;on|desktop&#8221; custom_padding=&#8221;0|0px|0|0px|false|false&#8221; make_fullwidth=&#8221;on&#8221;][et_pb_column type=&#8221;3_5&#8243; _builder_version=&#8221;3.25&#8243; custom_padding=&#8221;|||&#8221; custom_padding__hover=&#8221;|||&#8221;][et_pb_text _builder_version=&#8221;3.27.4&#8243; text_font=&#8221;Montserrat||||||||&#8221; text_font_size=&#8221;15px&#8221; text_line_height=&#8221;1.6em&#8221; header_font=&#8221;Montserrat||||||||&#8221; header_2_font=&#8221;Montserrat|300|||||||&#8221; header_2_text_color=&#8221;#000000&#8243; header_2_font_size=&#8221;18px&#8221; header_2_line_height=&#8221;1.9em&#8221;]<\/p>\n<p>E<strong>SENSAI Pole Dance Studio<\/strong><br \/> <strong>Pierwsza szko\u0142a Pole Dance w Tr\u00f3jmie\u015bcie oraz na Pomorzu! Oraz jedna z pierwszych w ca\u0142ej Polsce!<\/strong><br \/><strong>Najwi\u0119ksza szko\u0142a Pole Dance w Polsce! Posiadamy, a\u017c 4 sale z rurami do pole dance i nie tylko.<\/strong><br \/> <strong>Nr 1 w Tr\u00f3jmie\u015bcie! Top 3 w Polsce!<\/strong><br \/> Liderka naszej szko\u0142y to trzykrotna i podw\u00f3jna MISTRZYNI EUROPY POLE ART 2016, 2017,2018 (solo i w duecie) w najwy\u017cszej kategorii &#8222;elite&#8221;!<br \/> ponadto ma na swoim koncie mn\u00f3stwo osi\u0105gni\u0119\u0107 m.in.:<\/p>\n<ul>\n<li>Zwyci\u0119\u017cczyni Exotic Generation Spain 2023 &#8211; kategoria grupowa oraz 2 miejsce w kategorii solowej HARD<\/li>\n<li>Zwyci\u0119\u017cczyni Exotic Generation Italy 2019 &#8211; kategoria hard<\/li>\n<li>Zwyci\u0119\u017cczyni Pole Dance Show Kielce w kat. exotic pro oraz w duetach 2018<\/li>\n<li><span style=\"font-size: 14px;\">Zwyci\u0119\u017cczyni mi\u0119dzynarodowych zawod\u00f3w POLE ART EXPIRIENCE 2018<br \/> w najwy\u017cszej mo\u017cliwej kat. elite!<\/span><\/li>\n<li><span style=\"font-size: 14px;\">MISTRZYNI POLSKI POLE SPORT 2014<\/span><\/li>\n<li><span style=\"font-size: 14px;\">II Vice Mistrzyni \u015awiata Pole Sport 2014 <\/span><\/li>\n<li><span style=\"font-size: 14px;\">POLE DRAMA CHAMPION &#8211; GRECCE 2016<\/span><\/li>\n<li><span style=\"font-size: 14px;\">NAJBARDZIEJ UTYTU\u0141OWA POLE DANCERKA W POLSCE!<\/span><\/li>\n<\/ul>\n<p>JEDYNA w Polsce, kt\u00f3ra zdoby\u0142a mistrzoskie tytu\u0142y w ka\u017cdej odmianie pole dance w najwy\u017cszych kategoriach poziomowych!<\/p>\n<p>Ponadto Malwina uznawana jest na ca\u0142ym \u015bwiecie, gdzie jest zapraszana do prowadzenia warsztat\u00f3w oraz jako juror. S\u0119dziowa\u0142a zawody m.in.<span style=\"font-size: 15px;\">\u00a0<\/span><\/p>\n<ul>\n<li><span>Exotic Generation Brazil 2019 (Rio de Janeiro)<\/span><\/li>\n<li><span>Exotic Moon 2019 (Italy, Turyn) <\/span><\/li>\n<li><span>West Contest International 2019 (Ukraine) <\/span><\/li>\n<li><span>Vertical Fit Championship 2019 (Poland) <\/span><\/li>\n<li><span>Oraz wiele, wiele innych<\/span><span style=\"font-size: 15px;\">\u00a0<\/span><\/li>\n<\/ul>\n<p><span style=\"font-size: 15px;\">Wszystkie nasze instruktorki to do\u015bwiadczone trenerki z osi\u0105gni\u0119ciami i certyfikatami.<\/span><\/p>\n<p>Ka\u017cda z nich przesz\u0142a szkolenie u Malwiny GS.<\/p>\n<p>Nasze instruktorki, ale tak\u017ce nasze kursantki mog\u0105 pochwali\u0107 si\u0119 licznimi osi\u0105gni\u0119ciami!<\/p>\n<p>&nbsp;<\/p>\n<p>ESENSAI<\/p>\n<p>to profesjonalne studio wyposa\u017cone w rurki najwy\u017cszej klasy antyalergiczne z wersj\u0105 statyczn\u0105 i obrotow\u0105, materace dla bezpiecze\u0144stwa kursantek oraz w lustra.<\/p>\n<p>\u00a0<span style=\"font-size: 15px;\">Jako jedyni w Tr\u00f3jmie\u015bcie posiadamy 3 r\u00f3\u017cne \u015brednice rur, dzi\u0119ki czemu masz mo\u017cliwo\u015b\u0107 dopasowania treningu do swoich indywidualnych potrzeb i mo\u017cliwo\u015bci!<\/span><\/p>\n<p>\u00a0<span style=\"font-size: 15px;\">Posiadamy 4 wysokie sale na kt\u00f3rych odbywaj\u0105\u00a0si\u0119 zaj\u0119cia:\u00a0Pole Dance, Exotic Pole, Pole Routine, Spin Pole, Stretching i inne.<\/span><\/p>\n<p>\u00a0<span style=\"font-size: 15px;\">Akceptujemy karty multisport PLUS!<\/span><\/p>\n<p><span style=\"font-size: 15px;\"><\/span><\/p>\n<p><span style=\"font-size: 15px;\"><\/span><\/p>\n<p><span style=\"font-size: 15px;\"><\/span><\/p>\n<p><span style=\"font-size: 15px;\"><\/span><\/p>\n<p>\u00a0Wynajmujemy sale na treningi w\u0142asne, sesje zdj\u0119ciowe czy lekcje indywidualne<\/p>\n<p><a href=\"https:\/\/esensai.pl\/index.php\/wynajem\/\">https:\/\/esensai.pl\/index.php\/wynajem\/<\/a>\u00a0<\/p>\n<p>Jeste\u015bmy organizatorem najwi\u0119kszych zawod\u00f3w Exotic w Polsce.<\/p>\n<p>Exotic Queen -&gt;\u00a0<a href=\"https:\/\/exoticqueenworld.com\">https:\/\/exoticqueenworld.com<\/a><\/p>\n<p><a href=\"https:\/\/www.instagram.com\/exoticqueenpoland\/\">https:\/\/www.instagram.com\/exoticqueenpoland\/<\/a><\/p>\n<p>&nbsp;<\/p>\n<p>Oraz jedynych w Polsce zawod\u00f3w dla amator\u00f3w i p\u00f3\u0142-profesjonalist\u00f3w<\/p>\n<p><a href=\"https:\/\/www.instagram.com\/exoticexperience.competition\"><span style=\"font-weight: 400;\">https:\/\/www.instagram.com\/exoticexperience.competition<\/span><\/a><\/p>\n<p>&nbsp;<\/p>\n<p>&nbsp;<\/p>\n<p>[\/et_pb_text][\/et_pb_column][et_pb_column type=&#8221;2_5&#8243; _builder_version=&#8221;3.25&#8243; custom_padding=&#8221;|||&#8221; custom_padding__hover=&#8221;|||&#8221;][et_pb_image src=&#8221;https:\/\/esensai.pl\/wp-content\/uploads\/2019\/11\/s-11.jpg&#8221; align_tablet=&#8221;center&#8221; align_phone=&#8221;&#8221; align_last_edited=&#8221;on|desktop&#8221; _builder_version=&#8221;3.23&#8243; max_width=&#8221;69%&#8221; module_alignment=&#8221;center&#8221;][\/et_pb_image][et_pb_gallery gallery_ids=&#8221;239820,239632,239630,239681,239650,239700,239526,239649,239699,239804,239825,239683,239698,239810&#8243; _builder_version=&#8221;4.3.2&#8243; hover_enabled=&#8221;0&#8243;][\/et_pb_gallery][\/et_pb_column][\/et_pb_row][\/et_pb_section][et_pb_section fb_built=&#8221;1&#8243; fullwidth=&#8221;on&#8221; _builder_version=&#8221;3.22&#8243; background_image=&#8221;https:\/\/esensai.pl\/wp-content\/uploads\/2019\/11\/51395150_2420855091261945_8322427566195474432_n.jpg&#8221; top_divider_style=&#8221;wave2&#8243; top_divider_color=&#8221;#ffffff&#8221;][et_pb_fullwidth_header _builder_version=&#8221;3.17.6&#8243; background_color=&#8221;#000000&#8243; background_image=&#8221;https:\/\/esensai.pl\/wp-content\/uploads\/2019\/11\/ma\u0142e-012.jpg&#8221; parallax=&#8221;on&#8221; custom_css_main_element=&#8221;height:350px;&#8221;][\/et_pb_fullwidth_header][\/et_pb_section][et_pb_section fb_built=&#8221;1&#8243; _builder_version=&#8221;3.22&#8243; custom_padding=&#8221;16px|0px|0|0px|false|false&#8221;][et_pb_row column_structure=&#8221;1_3,1_3,1_3&#8243; module_class=&#8221; et_pb_row_fullwidth&#8221; _builder_version=&#8221;3.25&#8243; width=&#8221;89%&#8221; width_tablet=&#8221;80%&#8221; width_phone=&#8221;&#8221; width_last_edited=&#8221;on|desktop&#8221; max_width=&#8221;89%&#8221; max_width_tablet=&#8221;80%&#8221; max_width_phone=&#8221;&#8221; max_width_last_edited=&#8221;on|desktop&#8221; custom_padding=&#8221;14px|0px|0|0px|false|false&#8221; make_fullwidth=&#8221;on&#8221;][et_pb_column type=&#8221;1_3&#8243; _builder_version=&#8221;3.25&#8243; custom_padding=&#8221;|||&#8221; custom_padding__hover=&#8221;|||&#8221;][et_pb_blurb title=&#8221;Do\u015bwiadczenie&#8221; image=&#8221;https:\/\/esensai.pl\/wp-content\/uploads\/2022\/04\/Zdjecie-03.07.2019-11-51-38.jpg&#8221; _builder_version=&#8221;4.3.2&#8243; header_level=&#8221;h2&#8243; header_font=&#8221;Montserrat|300|||||||&#8221; header_text_color=&#8221;#c80970&#8243; header_font_size=&#8221;29px&#8221; body_font=&#8221;Montserrat||||||||&#8221; body_text_color=&#8221;#000000&#8243; body_letter_spacing=&#8221;1px&#8221; body_line_height=&#8221;1.8em&#8221; custom_css_main_element=&#8221;height: 510px&#8221;]Nasza kadra to do\u015bwiadczone tancerki i trenerki z certyfikatami, tytu\u0142ami mistrz\u00f3w, medalistki Mistrzostw Polski, Europy i \u015awiata!<br \/>\n[\/et_pb_blurb][\/et_pb_column][et_pb_column type=&#8221;1_3&#8243; _builder_version=&#8221;3.25&#8243; custom_padding=&#8221;|||&#8221; custom_padding__hover=&#8221;|||&#8221;][et_pb_blurb title=&#8221;Popularno\u015b\u0107&#8221; image=&#8221;https:\/\/esensai.pl\/wp-content\/uploads\/2019\/11\/MAL_9777-Edit.jpg&#8221; _builder_version=&#8221;4.0.2&#8243; header_level=&#8221;h2&#8243; header_font=&#8221;Montserrat|300|||||||&#8221; header_text_color=&#8221;#c80970&#8243; header_font_size=&#8221;29px&#8221; body_font=&#8221;Montserrat||||||||&#8221; body_text_color=&#8221;#000000&#8243; body_letter_spacing=&#8221;1px&#8221; body_line_height=&#8221;1.8em&#8221; custom_css_main_element=&#8221;height: 510px&#8221;]Nasze studio odwiedziedzaj\u0105 \u015bwiatowej s\u0142awy gwiazdy pole dance m.in. Anastasia Skukhtorova, Evgeny Greshilov, Oona Kivela, Olga Koda, Dimitri Politov i wiele, wiele innych.Na zaj\u0119cia i warsztaty do naszej szko\u0142y przyje\u017cd\u017caj\u0105 kursanci z ca\u0142ej Europy.<br \/>\n[\/et_pb_blurb][\/et_pb_column][et_pb_column type=&#8221;1_3&#8243; _builder_version=&#8221;3.25&#8243; custom_padding=&#8221;|||&#8221; custom_padding__hover=&#8221;|||&#8221;][et_pb_blurb title=&#8221;Eventy&#8221; image=&#8221;https:\/\/esensai.pl\/wp-content\/uploads\/2019\/11\/GAS_3270.jpg&#8221; _builder_version=&#8221;3.17.6&#8243; header_level=&#8221;h2&#8243; header_font=&#8221;Montserrat|300|||||||&#8221; header_text_color=&#8221;#c80970&#8243; header_font_size=&#8221;29px&#8221; body_font=&#8221;Montserrat||||||||&#8221; body_text_color=&#8221;#000000&#8243; body_letter_spacing=&#8221;1px&#8221; body_line_height=&#8221;1.8em&#8221; custom_css_main_element=&#8221;height: 510px&#8221;]Organizujemy: warsztaty, , zawody Pole dance, lekcje w ramach wieczor\u00f3w panie\u0144skich , imprez urodzinowych, zaj\u0119cia przygotowuj\u0105ce do udzia\u0142u w zawodach (nasze podopieczne zdobywaj\u0105 najwy\u017csze podium na mistrzostwach!)<br \/>\n[\/et_pb_blurb][\/et_pb_column][\/et_pb_row][\/et_pb_section][et_pb_section fb_built=&#8221;1&#8243; prev_background_color=&#8221;#ffffff&#8221; _builder_version=&#8221;3.17.6&#8243; background_color=&#8221;#000000&#8243; min_height=&#8221;10px&#8221; custom_margin=&#8221;1px|||||&#8221; custom_padding=&#8221;6px|0px|0|0px|false|false&#8221; top_divider_style=&#8221;wave2&#8243; top_divider_height=&#8221;61px&#8221; global_module=&#8221;238661&#8243; saved_tabs=&#8221;all&#8221;][et_pb_row _builder_version=&#8221;3.25&#8243; custom_padding=&#8221;139px|0px|27px|0px|false|false&#8221;][et_pb_column type=&#8221;4_4&#8243; _builder_version=&#8221;3.25&#8243; custom_padding=&#8221;|||&#8221; custom_padding__hover=&#8221;|||&#8221;][et_pb_image src=&#8221;https:\/\/esensai.pl\/wp-content\/uploads\/2019\/07\/esensai_logo.png&#8221; align=&#8221;center&#8221; align_tablet=&#8221;center&#8221; align_phone=&#8221;&#8221; align_last_edited=&#8221;on|desktop&#8221; disabled_on=&#8221;on|on|off&#8221; _builder_version=&#8221;3.23&#8243; max_width=&#8221;20%&#8221; module_alignment=&#8221;center&#8221;][\/et_pb_image][et_pb_text admin_label=&#8221;Tekst&#8221; _builder_version=&#8221;4.3.2&#8243; header_font=&#8221;Montserrat||||||||&#8221; header_2_font=&#8221;Montserrat|||on|||||&#8221; header_2_text_color=&#8221;#FFFFFF&#8221; header_2_font_size=&#8221;19px&#8221; header_2_letter_spacing=&#8221;1px&#8221; header_font_size_tablet=&#8221;&#8221; header_font_size_phone=&#8221;&#8221; header_font_size_last_edited=&#8221;on|desktop&#8221; header_2_font_size_tablet=&#8221;&#8221; header_2_font_size_phone=&#8221;9px&#8221; header_2_font_size_last_edited=&#8221;on|phone&#8221;][\/et_pb_text][et_pb_text _builder_version=&#8221;3.27.4&#8243; text_font=&#8221;||||||||&#8221; header_font=&#8221;Montserrat||||||||&#8221; header_2_font=&#8221;Roboto||||||||&#8221; header_2_text_color=&#8221;#FFFFFF&#8221; header_2_font_size=&#8221;19px&#8221; header_2_letter_spacing=&#8221;2px&#8221; text_font_size_tablet=&#8221;&#8221; text_font_size_phone=&#8221;8px&#8221; text_font_size_last_edited=&#8221;on|phone&#8221; header_2_font_size_tablet=&#8221;&#8221; header_2_font_size_phone=&#8221;12px&#8221; header_2_font_size_last_edited=&#8221;on|phone&#8221;]<\/p>\n<h2 style=\"text-align: center;\"><span style=\"text-decoration: underline;\"><a href=\"mailto:biuro@esensai.pl\">biuro@esensai.pl<\/a><\/span>\u00a0 |\u00a0<span style=\"text-decoration: underline;\">+790-472-068<\/span> \u00a0<\/a><\/h2>\n<p>[\/et_pb_text][et_pb_text _builder_version=&#8221;3.27.4&#8243; header_font=&#8221;Montserrat||||||||&#8221; header_2_font=&#8221;Georgia|||on|||||&#8221; header_2_text_color=&#8221;#FFFFFF&#8221; header_2_font_size=&#8221;16px&#8221; header_2_letter_spacing=&#8221;2px&#8221;]<\/p>\n<h2 style=\"text-align: center;\">Gda\u0144sk (Oliwa &#8211; obok salonu Mercedesa)<br \/>\nAl. Grunwaldzka 489<\/h2>\n<p>[\/et_pb_text][\/et_pb_column][\/et_pb_row][\/et_pb_section][et_pb_section fb_built=&#8221;1&#8243; fullwidth=&#8221;on&#8221; _builder_version=&#8221;3.17.6&#8243; global_module=&#8221;238875&#8243;][et_pb_fullwidth_code _builder_version=&#8221;4.0.2&#8243;]<iframe loading=\"lazy\" src=\"https:\/\/www.google.com\/maps\/embed?pb=!1m14!1m8!1m3!1d9288.6175588171!2d18.5702086!3d54.4072497!3m2!1i1024!2i768!4f13.1!3m3!1m2!1s0x0%3A0xd8c69f84be9d956d!2sESENSAI%20Pole%20Dance%20Studio!5e0!3m2!1spl!2spl!4v1579707798958!5m2!1spl!2spl\" width=\"2500\" height=\"400\" frameborder=\"0\" style=\"border:0;\" allowfullscreen=\"\"><\/iframe>[\/et_pb_fullwidth_code][\/et_pb_section]<\/p>\n","protected":false},"excerpt":{"rendered":"<p>[et_pb_section fb_built=&#8221;1&#8243; next_background_color=&#8221;#ffffff&#8221; disabled_on=&#8221;off|off|off&#8221; _builder_version=&#8221;3.17.6&#8243; background_color=&#8221;rgba(0,0,0,0.26)&#8221; background_image=&#8221;https:\/\/esensai.pl\/wp-content\/uploads\/2019\/11\/1-001.jpg&#8221; parallax=&#8221;on&#8221; bottom_divider_style=&#8221;wave2&#8243; bottom_divider_height=&#8221;63px&#8221; custom_css_main_element=&#8221;height: 70vh&#8221; global_module=&#8221;238874&#8243; saved_tabs=&#8221;all&#8221;][et_pb_row _builder_version=&#8221;3.25&#8243; custom_padding=&#8221;14px|0px|0|0px|false|false&#8221;][et_pb_column type=&#8221;4_4&#8243; _builder_version=&#8221;3.25&#8243; custom_padding=&#8221;|||&#8221; custom_padding__hover=&#8221;|||&#8221;][et_pb_text _builder_version=&#8221;3.27.4&#8243; text_font=&#8221;Montserrat|700|||||||&#8221; text_text_color=&#8221;#FFFFFF&#8221; text_font_size=&#8221;70px&#8221; custom_margin=&#8221;14%||&#8221; text_text_shadow_style=&#8221;preset2&#8243;] Pole Dance [\/et_pb_text][et_pb_blurb url=&#8221;#onas&#8221; use_icon=&#8221;on&#8221; font_icon=&#8221;%%18%%&#8221; icon_color=&#8221;#ffffff&#8221; use_icon_font_size=&#8221;on&#8221; icon_font_size=&#8221;85px&#8221; _builder_version=&#8221;3.17.6&#8243; link_option_url=&#8221;#experience&#8221;][\/et_pb_blurb][\/et_pb_column][\/et_pb_row][\/et_pb_section][et_pb_section fb_built=&#8221;1&#8243; module_id=&#8221;onas&#8221; module_class=&#8221;onas&#8221; _builder_version=&#8221;3.22&#8243; custom_padding=&#8221;0|0px|18px|0px|false|false&#8221;][et_pb_row module_class=&#8221; et_pb_row_fullwidth&#8221; _builder_version=&#8221;3.25&#8243; width=&#8221;89%&#8221; width_tablet=&#8221;80%&#8221; width_phone=&#8221;&#8221; width_last_edited=&#8221;on|desktop&#8221; max_width=&#8221;89%&#8221; max_width_tablet=&#8221;80%&#8221; max_width_phone=&#8221;&#8221; max_width_last_edited=&#8221;on|desktop&#8221; custom_padding=&#8221;8px|0px|0|0px|false|false&#8221; make_fullwidth=&#8221;on&#8221;][et_pb_column [&hellip;]<\/p>\n","protected":false},"author":1,"featured_media":0,"parent":0,"menu_order":0,"comment_status":"closed","ping_status":"closed","template":"","meta":{"_et_pb_use_builder":"on","_et_pb_old_content":"","_et_gb_content_width":""},"_links":{"self":[{"href":"https:\/\/esensai.pl\/index.php\/wp-json\/wp\/v2\/pages\/238799"}],"collection":[{"href":"https:\/\/esensai.pl\/index.php\/wp-json\/wp\/v2\/pages"}],"about":[{"href":"https:\/\/esensai.pl\/index.php\/wp-json\/wp\/v2\/types\/page"}],"author":[{"embeddable":true,"href":"https:\/\/esensai.pl\/index.php\/wp-json\/wp\/v2\/users\/1"}],"replies":[{"embeddable":true,"href":"https:\/\/esensai.pl\/index.php\/wp-json\/wp\/v2\/comments?post=238799"}],"version-history":[{"count":35,"href":"https:\/\/esensai.pl\/index.php\/wp-json\/wp\/v2\/pages\/238799\/revisions"}],"predecessor-version":[{"id":239830,"href":"https:\/\/esensai.pl\/index.php\/wp-json\/wp\/v2\/pages\/238799\/revisions\/239830"}],"wp:attachment":[{"href":"https:\/\/esensai.pl\/index.php\/wp-json\/wp\/v2\/media?parent=238799"}],"curies":[{"name":"wp","href":"https:\/\/api.w.org\/{rel}","templated":true}]}}